{"id":14,"date":"2021-08-13T00:46:01","date_gmt":"2021-08-13T00:46:01","guid":{"rendered":""},"modified":"2026-02-20T19:45:35","modified_gmt":"2026-02-20T19:45:35","slug":"extensoes","status":"publish","type":"page","link":"https:\/\/etechoracio.com.br\/etechas\/extensoes\/","title":{"rendered":"Extens\u00f5es"},"content":{"rendered":"\t\t<div data-elementor-type=\"wp-page\" data-elementor-id=\"14\" class=\"elementor elementor-14\">\n\t\t\t\t<div class=\"elementor-element elementor-element-ec857c0 e-flex e-con-boxed e-con e-parent\" data-id=\"ec857c0\" data-element_type=\"container\" data-e-type=\"container\">\n\t\t\t\t\t<div class=\"e-con-inner\">\n\t\t<div class=\"elementor-element elementor-element-53a8975 e-con-full e-flex e-con e-child\" data-id=\"53a8975\" data-element_type=\"container\" data-e-type=\"container\">\n\t\t\t\t<div class=\"elementor-element elementor-element-1675bda elementor-widget elementor-widget-heading\" data-id=\"1675bda\" data-element_type=\"widget\" data-e-type=\"widget\" data-widget_type=\"heading.default\">\n\t\t\t\t\t<h1 class=\"elementor-heading-title elementor-size-default\">Albino<\/h1>\t\t\t\t<\/div>\n\t\t\t\t<div class=\"elementor-element elementor-element-d356953 elementor-widget elementor-widget-text-editor\" data-id=\"d356953\" data-element_type=\"widget\" data-e-type=\"widget\" data-widget_type=\"text-editor.default\">\n\t\t\t\t\t\t\t\t\t<p class=\"extension-paragraph\"><strong>E.E. Albino C\u00e9sar<\/strong><\/p><p class=\"extension-paragraph\">R. Cajamar, 5 &#8211; Vila Mazzei, S\u00e3o Paulo &#8211; SP, 02308-090<\/p><p class=\"extension-paragraph\">Telefone:\u00a0<\/p><h5 class=\"extension-subtitle\">Cursos:<\/h5><ul><li><a href=\"https:\/\/vestibulinho.etec.sp.gov.br\/pagina-individual-de-curso\/?curso=administracao\">Administra\u00e7\u00e3o<\/a> \u2013 Presencial \u2013 Noite\u00a0<\/li><li><a href=\"https:\/\/vestibulinho.etec.sp.gov.br\/pagina-individual-de-curso\/?curso=recursos-humanos\">Recursos Humanos<\/a> \u2013 Presencial \u2013 Noite\u00a0<\/li><\/ul>\t\t\t\t\t\t\t\t<\/div>\n\t\t\t\t<\/div>\n\t\t<div class=\"elementor-element elementor-element-870f787 e-con-full e-flex e-con e-child\" data-id=\"870f787\" data-element_type=\"container\" data-e-type=\"container\">\n\t\t\t\t<div class=\"elementor-element elementor-element-3499989 elementor-widget elementor-widget-google_maps\" data-id=\"3499989\" data-element_type=\"widget\" data-e-type=\"widget\" data-widget_type=\"google_maps.default\">\n\t\t\t\t\t\t\t<div class=\"elementor-custom-embed\">\n\t\t\t<iframe loading=\"lazy\"\n\t\t\t\t\tsrc=\"https:\/\/maps.google.com\/maps?q=E%20E%20Albino%20C%C3%A9sar&#038;t=m&#038;z=12&#038;output=embed&#038;iwloc=near\"\n\t\t\t\t\ttitle=\"E E Albino C\u00e9sar\"\n\t\t\t\t\taria-label=\"E E Albino C\u00e9sar\"\n\t\t\t><\/iframe>\n\t\t<\/div>\n\t\t\t\t\t\t<\/div>\n\t\t\t\t<div class=\"elementor-element elementor-element-cc231c0 elementor-widget elementor-widget-spacer\" data-id=\"cc231c0\" data-element_type=\"widget\" data-e-type=\"widget\" data-widget_type=\"spacer.default\">\n\t\t\t\t\t\t\t<div class=\"elementor-spacer\">\n\t\t\t<div class=\"elementor-spacer-inner\"><\/div>\n\t\t<\/div>\n\t\t\t\t\t\t<\/div>\n\t\t\t\t<\/div>\n\t\t\t\t\t<\/div>\n\t\t\t\t<\/div>\n\t\t<div class=\"elementor-element elementor-element-bf91924 e-flex e-con-boxed e-con e-parent\" data-id=\"bf91924\" data-element_type=\"container\" data-e-type=\"container\">\n\t\t\t\t\t<div class=\"e-con-inner\">\n\t\t<div class=\"elementor-element elementor-element-e3836b6 e-con-full e-flex e-con e-child\" data-id=\"e3836b6\" data-element_type=\"container\" data-e-type=\"container\">\n\t\t\t\t<div class=\"elementor-element elementor-element-5f2a4b2 elementor-widget elementor-widget-heading\" data-id=\"5f2a4b2\" data-element_type=\"widget\" data-e-type=\"widget\" data-widget_type=\"heading.default\">\n\t\t\t\t\t<h1 class=\"elementor-heading-title elementor-size-default\">Victor<\/h1>\t\t\t\t<\/div>\n\t\t\t\t<div class=\"elementor-element elementor-element-d82deab elementor-widget elementor-widget-text-editor\" data-id=\"d82deab\" data-element_type=\"widget\" data-e-type=\"widget\" data-widget_type=\"text-editor.default\">\n\t\t\t\t\t\t\t\t\t<p class=\"extension-paragraph\"><strong>E.E. Victor dos Santos Cunha\u00a0<\/strong><\/p><p class=\"extension-paragraph\"><br \/>Av. Jo\u00e3o Sim\u00e3o de Castro, 280 &#8211; Vila Sabrina, S\u00e3o Paulo &#8211; SP, 02141-000<\/p><p>Telefone:<\/p><h5 class=\"extension-subtitle\">Cursos:<\/h5><ul><li><a href=\"https:\/\/vestibulinho.etec.sp.gov.br\/pagina-individual-de-curso\/?curso=administracao\">Administra\u00e7\u00e3o<\/a> \u2013 Presencial \u2013 Noite\u00a0<\/li><li><a href=\"https:\/\/vestibulinho.etec.sp.gov.br\/pagina-individual-de-curso\/?curso=logistica\">Log\u00edstica<\/a> \u2013 Presencial \u2013 Noite\u00a0<\/li><\/ul>\t\t\t\t\t\t\t\t<\/div>\n\t\t\t\t<\/div>\n\t\t<div class=\"elementor-element elementor-element-1806f48 e-con-full e-flex e-con e-child\" data-id=\"1806f48\" data-element_type=\"container\" data-e-type=\"container\">\n\t\t\t\t<div class=\"elementor-element elementor-element-070c31a elementor-widget elementor-widget-google_maps\" data-id=\"070c31a\" data-element_type=\"widget\" data-e-type=\"widget\" data-widget_type=\"google_maps.default\">\n\t\t\t\t\t\t\t<div class=\"elementor-custom-embed\">\n\t\t\t<iframe loading=\"lazy\"\n\t\t\t\t\tsrc=\"https:\/\/maps.google.com\/maps?q=E.%20E.%20Victor%20dos%20Santos%20Cunha&#038;t=m&#038;z=12&#038;output=embed&#038;iwloc=near\"\n\t\t\t\t\ttitle=\"E. E. Victor dos Santos Cunha\"\n\t\t\t\t\taria-label=\"E. E. Victor dos Santos Cunha\"\n\t\t\t><\/iframe>\n\t\t<\/div>\n\t\t\t\t\t\t<\/div>\n\t\t\t\t<\/div>\n\t\t\t\t\t<\/div>\n\t\t\t\t<\/div>\n\t\t\t\t<\/div>\n\t\t","protected":false},"excerpt":{"rendered":"<p>Albino E.E. Albino C\u00e9sar R. Cajamar, 5 &#8211; Vila Mazzei, S\u00e3o Paulo &#8211; SP, 02308-090 Telefone:\u00a0 Cursos: Administra\u00e7\u00e3o \u2013 Presencial \u2013 Noite\u00a0 Recursos Humanos \u2013 Presencial \u2013 Noite\u00a0 Victor E.E. Victor dos Santos Cunha\u00a0 Av. Jo\u00e3o Sim\u00e3o de Castro, 280 &#8211; Vila Sabrina, S\u00e3o Paulo &#8211; SP, 02141-000 Telefone: Cursos: Administra\u00e7\u00e3o \u2013 Presencial \u2013 Noite\u00a0 [&hellip;]<\/p>\n","protected":false},"author":2,"featured_media":0,"parent":0,"menu_order":0,"comment_status":"closed","ping_status":"closed","template":"","meta":{"_coblocks_attr":"","_coblocks_dimensions":"","_coblocks_responsive_height":"","_coblocks_accordion_ie_support":"","footnotes":""},"class_list":["post-14","page","type-page","status-publish","hentry","entry"],"featured_image_src":null,"featured_image_src_square":null,"_links":{"self":[{"href":"https:\/\/etechoracio.com.br\/etechas\/wp-json\/wp\/v2\/pages\/14","targetHints":{"allow":["GET"]}}],"collection":[{"href":"https:\/\/etechoracio.com.br\/etechas\/wp-json\/wp\/v2\/pages"}],"about":[{"href":"https:\/\/etechoracio.com.br\/etechas\/wp-json\/wp\/v2\/types\/page"}],"author":[{"embeddable":true,"href":"https:\/\/etechoracio.com.br\/etechas\/wp-json\/wp\/v2\/users\/2"}],"replies":[{"embeddable":true,"href":"https:\/\/etechoracio.com.br\/etechas\/wp-json\/wp\/v2\/comments?post=14"}],"version-history":[{"count":25,"href":"https:\/\/etechoracio.com.br\/etechas\/wp-json\/wp\/v2\/pages\/14\/revisions"}],"predecessor-version":[{"id":2786,"href":"https:\/\/etechoracio.com.br\/etechas\/wp-json\/wp\/v2\/pages\/14\/revisions\/2786"}],"wp:attachment":[{"href":"https:\/\/etechoracio.com.br\/etechas\/wp-json\/wp\/v2\/media?parent=14"}],"curies":[{"name":"wp","href":"https:\/\/api.w.org\/{rel}","templated":true}]}}