{"id":1505,"date":"2025-05-22T18:36:22","date_gmt":"2025-05-22T18:36:22","guid":{"rendered":"https:\/\/etechoracio.com.br\/etechas\/?page_id=1505"},"modified":"2026-04-09T17:54:59","modified_gmt":"2026-04-09T17:54:59","slug":"secretaria","status":"publish","type":"page","link":"https:\/\/etechoracio.com.br\/etechas\/secretaria\/","title":{"rendered":"Secretaria"},"content":{"rendered":"\t\t<div data-elementor-type=\"wp-page\" data-elementor-id=\"1505\" class=\"elementor elementor-1505\">\n\t\t\t\t<div class=\"elementor-element elementor-element-849f636 e-flex e-con-boxed e-con e-parent\" data-id=\"849f636\" data-element_type=\"container\" data-e-type=\"container\">\n\t\t\t\t\t<div class=\"e-con-inner\">\n\t\t\t\t<div class=\"elementor-element elementor-element-8f646c6 elementor-widget elementor-widget-spacer\" data-id=\"8f646c6\" data-element_type=\"widget\" data-e-type=\"widget\" data-widget_type=\"spacer.default\">\n\t\t\t\t\t\t\t<div class=\"elementor-spacer\">\n\t\t\t<div class=\"elementor-spacer-inner\"><\/div>\n\t\t<\/div>\n\t\t\t\t\t\t<\/div>\n\t\t\t\t<div class=\"elementor-element elementor-element-342eb77 elementor-widget elementor-widget-heading\" data-id=\"342eb77\" data-element_type=\"widget\" data-e-type=\"widget\" data-widget_type=\"heading.default\">\n\t\t\t\t\t<h2 class=\"elementor-heading-title elementor-size-default\">Secretaria<\/h2>\t\t\t\t<\/div>\n\t\t\t\t<div class=\"elementor-element elementor-element-0d92377 elementor-widget elementor-widget-image\" data-id=\"0d92377\" data-element_type=\"widget\" data-e-type=\"widget\" data-widget_type=\"image.default\">\n\t\t\t\t\t\t\t\t\t\t\t\t\t\t\t<img decoding=\"async\" src=\"https:\/\/etechoracio.com.br\/etechas\/wp-content\/uploads\/elementor\/thumbs\/site-etec-2-1-r68t2tyy5la1t16bu43v97xy07quqoxs807fw0y6ms.png\" title=\"site etec (2)\" alt=\"site etec (2)\" loading=\"lazy\" \/>\t\t\t\t\t\t\t\t\t\t\t\t\t\t\t<\/div>\n\t\t\t\t<div class=\"elementor-element elementor-element-06cc1bf elementor-widget elementor-widget-text-editor\" data-id=\"06cc1bf\" data-element_type=\"widget\" data-e-type=\"widget\" data-widget_type=\"text-editor.default\">\n\t\t\t\t\t\t\t\t\t<p><strong>Contato da Secretaria Acad\u00eamica<\/strong>: e064acad@cps.sp.gov.br<\/p><p><strong>Telefones da Secretaria Acad\u00eamica:<\/strong> (11) 2902-2701\u00a0 \u00a0 |\u00a0 \u00a0 (11) 2902-2702\u00a0 \u00a0|\u00a0 \u00a0(11) 2907-2703<\/p>\t\t\t\t\t\t\t\t<\/div>\n\t\t\t\t<div class=\"elementor-element elementor-element-575f040 elementor-widget elementor-widget-spacer\" data-id=\"575f040\" data-element_type=\"widget\" data-e-type=\"widget\" data-widget_type=\"spacer.default\">\n\t\t\t\t\t\t\t<div class=\"elementor-spacer\">\n\t\t\t<div class=\"elementor-spacer-inner\"><\/div>\n\t\t<\/div>\n\t\t\t\t\t\t<\/div>\n\t\t\t\t<div class=\"elementor-element elementor-element-6259194 elementor-widget elementor-widget-text-editor\" data-id=\"6259194\" data-element_type=\"widget\" data-e-type=\"widget\" data-widget_type=\"text-editor.default\">\n\t\t\t\t\t\t\t\t\t<h4 class=\"wp-block-heading\">Solicita\u00e7\u00f5es de Documentos e Prazos<\/h4><p>Os requerimentos devem ser preenchidos presencialmente pelo interessado (aluno ou respons\u00e1vel) na Secretaria da Escola, durante seu hor\u00e1rio de atendimento.<\/p><p><u><strong>Os prazos podem sofrer altera\u00e7\u00f5es sem aviso pr\u00e9vio.<\/strong><\/u><\/p><table class=\"has-fixed-layout\"><tbody><tr><td><p><strong>Solicita\u00e7\u00e3o<\/strong><\/p><p>Cadastro SPTrans<\/p><\/td><td><p><strong>Prazo<\/strong><\/p><p>3 dias \u00fateis<\/p><\/td><\/tr><tr><td>Cadastro EMTU (BOM)<\/td><td>3 dias \u00fateis<\/td><\/tr><tr><td>Declara\u00e7\u00e3o de Matr\u00edcula<\/td><td>3 dias \u00fateis<\/td><\/tr><tr><td>2\u00aa via da Identidade Estudantil<\/td><td>5 dias \u00fateis<\/td><\/tr><tr><td>Revis\u00e3o de faltas<\/td><td>5 dias \u00fateis<\/td><\/tr><tr><td>Contrato de Est\u00e1gio<\/td><td>5 dias \u00fateis<\/td><\/tr><tr><td>Termo de Contrato Assinado<\/td><td>5 dias \u00fateis<\/td><\/tr><tr><td>Declara\u00e7\u00e3o de Transfer\u00eancia de Escola*<\/td><td>3 dias \u00fateis<\/td><\/tr><tr><td>Hist\u00f3rico de Transfer\u00eancia de Escola*<\/td><td>30 dias \u00fateis<\/td><\/tr><tr><td>C\u00f3pia do conte\u00fado program\u00e1tico<\/td><td>2 dias \u00fateis<\/td><\/tr><tr><td>Hist\u00f3rico de Conclus\u00e3o de curso<\/td><td>120 dias<\/td><\/tr><\/tbody><\/table><p>*Menores de 18 anos dever\u00e3o estar acompanhados pelo respons\u00e1vel.<\/p>\t\t\t\t\t\t\t\t<\/div>\n\t\t\t\t<div class=\"elementor-element elementor-element-bb69181 elementor-widget elementor-widget-text-editor\" data-id=\"bb69181\" data-element_type=\"widget\" data-e-type=\"widget\" data-widget_type=\"text-editor.default\">\n\t\t\t\t\t\t\t\t\t<h4 class=\"wp-block-heading\">Aviso aos Concluintes<\/h4><p class=\"has-text-align-left\">A certifica\u00e7\u00e3o da conclus\u00e3o do Ensino T\u00e9cnico s\u00f3 poder\u00e1 ser expedida ap\u00f3s a regulariza\u00e7\u00e3o da documenta\u00e7\u00e3o junto \u00e0 Secretaria Acad\u00eamica.<\/p><p class=\"has-text-align-left\">N\u00e3o haver\u00e1 expedi\u00e7\u00e3o de documentos, caso n\u00e3o seja comprovada a conclus\u00e3o do Ensino M\u00e9dio ou haja outra documenta\u00e7\u00e3o pendente.<\/p><p class=\"has-text-align-left\">A expedi\u00e7\u00e3o do Certificado de Conclus\u00e3o do Ensino T\u00e9cnico ser\u00e1 feita em at\u00e9 120 dias ap\u00f3s o t\u00e9rmino do curso, caso n\u00e3o haja pend\u00eancia na documenta\u00e7\u00e3o exigida.<\/p><p class=\"has-text-align-left\">N\u00e3o existe a necessidade de solicita\u00e7\u00e3o do documento junto \u00e0 secretaria.<\/p><p class=\"has-text-align-left\">Informamos, ainda, que no sistema NSA constar\u00e1 pend\u00eancia at\u00e9 a regulariza\u00e7\u00e3o com a entrega da documenta\u00e7\u00e3o f\u00edsica na Secretaria da escola.<\/p>\t\t\t\t\t\t\t\t<\/div>\n\t\t\t\t<div class=\"elementor-element elementor-element-3112df3 elementor-widget elementor-widget-text-editor\" data-id=\"3112df3\" data-element_type=\"widget\" data-e-type=\"widget\" data-widget_type=\"text-editor.default\">\n\t\t\t\t\t\t\t\t\t<h4 class=\"wp-block-heading\">Documentos faltantes<\/h4><p>Os documentos faltantes informados no NSA s\u00e3o para conhecimento do aluno e controle da Secretaria Acad\u00eamica, sendo indispens\u00e1vel a apresenta\u00e7\u00e3o do original e c\u00f3pia para regulariza\u00e7\u00e3o do seu prontu\u00e1rio junto a escola.<\/p><p><strong>Contato da Secretaria Acad\u00eamica<\/strong>: e064acad@cps.sp.gov.br<\/p><p><strong>Telefones da Secretaria Acad\u00eamica:<\/strong> (11) 2902-2701\u00a0 \u00a0 |\u00a0 \u00a0 (11) 2902-2702\u00a0 \u00a0|\u00a0 \u00a0(11) 2907-2703<\/p>\t\t\t\t\t\t\t\t<\/div>\n\t\t\t\t<div class=\"elementor-element elementor-element-1885557 elementor-widget elementor-widget-spacer\" data-id=\"1885557\" data-element_type=\"widget\" data-e-type=\"widget\" data-widget_type=\"spacer.default\">\n\t\t\t\t\t\t\t<div class=\"elementor-spacer\">\n\t\t\t<div class=\"elementor-spacer-inner\"><\/div>\n\t\t<\/div>\n\t\t\t\t\t\t<\/div>\n\t\t\t\t\t<\/div>\n\t\t\t\t<\/div>\n\t\t\t\t<\/div>\n\t\t","protected":false},"excerpt":{"rendered":"<p>Secretaria Contato da Secretaria Acad\u00eamica: e064acad@cps.sp.gov.br Telefones da Secretaria Acad\u00eamica: (11) 2902-2701\u00a0 \u00a0 |\u00a0 \u00a0 (11) 2902-2702\u00a0 \u00a0|\u00a0 \u00a0(11) 2907-2703 Solicita\u00e7\u00f5es de Documentos e Prazos Os requerimentos devem ser preenchidos presencialmente pelo interessado (aluno ou respons\u00e1vel) na Secretaria da Escola, durante seu hor\u00e1rio de atendimento. Os prazos podem sofrer altera\u00e7\u00f5es sem aviso pr\u00e9vio. Solicita\u00e7\u00e3o Cadastro [&hellip;]<\/p>\n","protected":false},"author":2,"featured_media":0,"parent":0,"menu_order":0,"comment_status":"closed","ping_status":"closed","template":"","meta":{"_coblocks_attr":"","_coblocks_dimensions":"","_coblocks_responsive_height":"","_coblocks_accordion_ie_support":"","footnotes":""},"class_list":["post-1505","page","type-page","status-publish","hentry","entry"],"featured_image_src":null,"featured_image_src_square":null,"_links":{"self":[{"href":"https:\/\/etechoracio.com.br\/etechas\/wp-json\/wp\/v2\/pages\/1505","targetHints":{"allow":["GET"]}}],"collection":[{"href":"https:\/\/etechoracio.com.br\/etechas\/wp-json\/wp\/v2\/pages"}],"about":[{"href":"https:\/\/etechoracio.com.br\/etechas\/wp-json\/wp\/v2\/types\/page"}],"author":[{"embeddable":true,"href":"https:\/\/etechoracio.com.br\/etechas\/wp-json\/wp\/v2\/users\/2"}],"replies":[{"embeddable":true,"href":"https:\/\/etechoracio.com.br\/etechas\/wp-json\/wp\/v2\/comments?post=1505"}],"version-history":[{"count":16,"href":"https:\/\/etechoracio.com.br\/etechas\/wp-json\/wp\/v2\/pages\/1505\/revisions"}],"predecessor-version":[{"id":2907,"href":"https:\/\/etechoracio.com.br\/etechas\/wp-json\/wp\/v2\/pages\/1505\/revisions\/2907"}],"wp:attachment":[{"href":"https:\/\/etechoracio.com.br\/etechas\/wp-json\/wp\/v2\/media?parent=1505"}],"curies":[{"name":"wp","href":"https:\/\/api.w.org\/{rel}","templated":true}]}}