{"id":1561,"date":"2025-05-23T15:49:29","date_gmt":"2025-05-23T15:49:29","guid":{"rendered":"https:\/\/etechoracio.com.br\/etechas\/?page_id=1561"},"modified":"2025-05-29T19:20:53","modified_gmt":"2025-05-29T19:20:53","slug":"has-na-midia","status":"publish","type":"page","link":"https:\/\/etechoracio.com.br\/etechas\/has-na-midia\/","title":{"rendered":"HAS na M\u00eddia"},"content":{"rendered":"\t\t<div data-elementor-type=\"wp-page\" data-elementor-id=\"1561\" class=\"elementor elementor-1561\">\n\t\t\t\t<div class=\"elementor-element elementor-element-4bd0470 e-flex e-con-boxed e-con e-parent\" data-id=\"4bd0470\" data-element_type=\"container\" data-e-type=\"container\">\n\t\t\t\t\t<div class=\"e-con-inner\">\n\t\t\t\t<div class=\"elementor-element elementor-element-bd8163c elementor-widget elementor-widget-spacer\" data-id=\"bd8163c\" data-element_type=\"widget\" data-e-type=\"widget\" data-widget_type=\"spacer.default\">\n\t\t\t\t\t\t\t<div class=\"elementor-spacer\">\n\t\t\t<div class=\"elementor-spacer-inner\"><\/div>\n\t\t<\/div>\n\t\t\t\t\t\t<\/div>\n\t\t\t\t<div class=\"elementor-element elementor-element-28d0697 elementor-widget elementor-widget-heading\" data-id=\"28d0697\" data-element_type=\"widget\" data-e-type=\"widget\" data-widget_type=\"heading.default\">\n\t\t\t\t\t<h2 class=\"elementor-heading-title elementor-size-default\">HAS na M\u00eddia<\/h2>\t\t\t\t<\/div>\n\t\t\t\t<div class=\"elementor-element elementor-element-1298779 elementor-widget elementor-widget-text-editor\" data-id=\"1298779\" data-element_type=\"widget\" data-e-type=\"widget\" data-widget_type=\"text-editor.default\">\n\t\t\t\t\t\t\t\t\t<p>Para al\u00e9m dos muros da escola \ud83d\ude80<\/p><p>Confira as not\u00edcias e repercuss\u00f5es de nossa escola nas principais m\u00eddias:<\/p>\t\t\t\t\t\t\t\t<\/div>\n\t\t\t\t<div class=\"elementor-element elementor-element-c509330 elementor-widget elementor-widget-html\" data-id=\"c509330\" data-element_type=\"widget\" data-e-type=\"widget\" data-widget_type=\"html.default\">\n\t\t\t\t\t\t\t<div class=\"wppsac-wrap wppsac-slick-carousel-wrp wppsac-clearfix \" data-conf=\"{&quot;slides_to_show&quot;:3,&quot;slides_to_scroll&quot;:1,&quot;dots&quot;:&quot;true&quot;,&quot;arrows&quot;:&quot;true&quot;,&quot;autoplay&quot;:&quot;true&quot;,&quot;autoplay_interval&quot;:3000,&quot;speed&quot;:500,&quot;rtl&quot;:&quot;false&quot;,&quot;lazyload&quot;:&quot;&quot;}\">\r\n\t\t\t<div id=\"wppsac-post-carousel-1\" class=\"wppsac-post-slider-init wppsac-post-carousel design-1\">\r\n\t\t\t\t<div class=\"wppsac-carousel-slides\">\r\n\t\t<div class=\"wppsac-post-image-bg\">\r\n\t\t<a href=\"https:\/\/etechoracio.com.br\/etechas\/aluna-da-etec-horacio-na-inglaterra-pelo-intercambio-do-centro-paula-souza\/\">\r\n\t\t\t<img decoding=\"async\" class=\"wppsac-post-image\"  src=\"https:\/\/etechoracio.com.br\/etechas\/wp-content\/uploads\/2025\/09\/Capa-dos-posts-site-etec.png\" alt=\"Aluna da ETEC Hor\u00e1cio na Inglaterra pelo interc\u00e2mbio do Centro Paula Souza\" \/>\r\n\t\t<\/a>\r\n\t<\/div>\r\n\t\r\n\t<div class=\"wppsac-post-content-position\">\r\n\t\t\t\t<div class=\"wppsac-post-categories\"><ul class=\"wppsac-post-categories-list\"><li><a href=\"https:\/\/etechoracio.com.br\/etechas\/category\/destaques\/\">Destaques<\/a><\/li><li><a href=\"https:\/\/etechoracio.com.br\/etechas\/category\/escola\/\">Escola<\/a><\/li><li><a href=\"https:\/\/etechoracio.com.br\/etechas\/category\/has-na-midia\/\">Has na M\u00eddia<\/a><\/li><\/ul><\/div>\r\n\t\t\r\n\t\t<h2 class=\"wppsac-post-title\">\r\n\t\t\t<a href=\"https:\/\/etechoracio.com.br\/etechas\/aluna-da-etec-horacio-na-inglaterra-pelo-intercambio-do-centro-paula-souza\/\">Aluna da ETEC Hor\u00e1cio na Inglaterra pelo interc\u00e2mbio do Centro Paula Souza<\/a>\r\n\t\t<\/h2>\r\n\r\n\t\t\t\t<div class=\"wppsac-post-date\">\r\n\t\t\t\t\t\t<span>By Etec Hor\u00e1cio Augusto da Silveira<\/span>\r\n\t\t\t \/ setembro 18, 2025\t\t<\/div>\r\n\t\t\t\t<div class=\"wppsac-post-content\">\r\n\t\t\t<div class=\"wppsac-sub-content\">Aluna\u00a0Mariana Moura da 3\u00b0 s\u00e9rie da ETEC HAS foi contemplada com interc\u00e2mbio na Inglaterra para estudar ingl\u00easA aluna\u00a0Mariana Moura Gomes...<\/div>\r\n\r\n\t\t\t\t\t<\/div>\r\n\t\t\t<\/div>\r\n<\/div><div class=\"wppsac-carousel-slides\">\r\n\t\t<div class=\"wppsac-post-image-bg\">\r\n\t\t<a href=\"https:\/\/etechoracio.com.br\/etechas\/aluno-da-etec-horacio-na-argentina-pelo-intercambio-do-centro-paula-souza\/\">\r\n\t\t\t<img decoding=\"async\" class=\"wppsac-post-image\"  src=\"https:\/\/etechoracio.com.br\/etechas\/wp-content\/uploads\/2025\/08\/post-site-etec-1-1.png\" alt=\"Aluno da ETEC Hor\u00e1cio na Argentina pelo interc\u00e2mbio do Centro Paula Souza\" \/>\r\n\t\t<\/a>\r\n\t<\/div>\r\n\t\r\n\t<div class=\"wppsac-post-content-position\">\r\n\t\t\t\t<div class=\"wppsac-post-categories\"><ul class=\"wppsac-post-categories-list\"><li><a href=\"https:\/\/etechoracio.com.br\/etechas\/category\/destaques\/\">Destaques<\/a><\/li><li><a href=\"https:\/\/etechoracio.com.br\/etechas\/category\/escola\/\">Escola<\/a><\/li><li><a href=\"https:\/\/etechoracio.com.br\/etechas\/category\/has-na-midia\/\">Has na M\u00eddia<\/a><\/li><\/ul><\/div>\r\n\t\t\r\n\t\t<h2 class=\"wppsac-post-title\">\r\n\t\t\t<a href=\"https:\/\/etechoracio.com.br\/etechas\/aluno-da-etec-horacio-na-argentina-pelo-intercambio-do-centro-paula-souza\/\">Aluno da ETEC Hor\u00e1cio na Argentina pelo interc\u00e2mbio do Centro Paula Souza<\/a>\r\n\t\t<\/h2>\r\n\r\n\t\t\t\t<div class=\"wppsac-post-date\">\r\n\t\t\t\t\t\t<span>By Etec Hor\u00e1cio Augusto da Silveira<\/span>\r\n\t\t\t \/ agosto 14, 2025\t\t<\/div>\r\n\t\t\t\t<div class=\"wppsac-post-content\">\r\n\t\t\t<div class=\"wppsac-sub-content\">Aluno da ETEC HAS foi contemplado com interc\u00e2mbio na Argentina para estudar espanholO aluno Adriano Silva Luiz foi contemplado com...<\/div>\r\n\r\n\t\t\t\t\t<\/div>\r\n\t\t\t<\/div>\r\n<\/div><div class=\"wppsac-carousel-slides\">\r\n\t\t<div class=\"wppsac-post-image-bg\">\r\n\t\t<a href=\"https:\/\/etechoracio.com.br\/etechas\/projeto-leva-alunos-das-etecs-para-estudar-fora-do-pais-2\/\">\r\n\t\t\t<img decoding=\"async\" class=\"wppsac-post-image\"  src=\"https:\/\/etechoracio.com.br\/etechas\/wp-content\/uploads\/2025\/05\/MateusLimaForbes.jpg\" alt=\"Ex-aluno de Etec \u00e9 destaque na edi\u00e7\u00e3o da \u2018Forbes Under30\u2019\" \/>\r\n\t\t<\/a>\r\n\t<\/div>\r\n\t\r\n\t<div class=\"wppsac-post-content-position\">\r\n\t\t\t\t<div class=\"wppsac-post-categories\"><ul class=\"wppsac-post-categories-list\"><li><a href=\"https:\/\/etechoracio.com.br\/etechas\/category\/has-na-midia\/\">Has na M\u00eddia<\/a><\/li><\/ul><\/div>\r\n\t\t\r\n\t\t<h2 class=\"wppsac-post-title\">\r\n\t\t\t<a href=\"https:\/\/etechoracio.com.br\/etechas\/projeto-leva-alunos-das-etecs-para-estudar-fora-do-pais-2\/\">Ex-aluno de Etec \u00e9 destaque na edi\u00e7\u00e3o da \u2018Forbes Under30\u2019<\/a>\r\n\t\t<\/h2>\r\n\r\n\t\t\t\t<div class=\"wppsac-post-date\">\r\n\t\t\t\t\t\t<span>By Etec Hor\u00e1cio Augusto da Silveira<\/span>\r\n\t\t\t \/ maio 29, 2025\t\t<\/div>\r\n\t\t\t\t<div class=\"wppsac-post-content\">\r\n\t\t\t<div class=\"wppsac-sub-content\">Cinco anos ap\u00f3s criar aplicativo que protege mulheres de viol\u00eancia dom\u00e9stica, Mateus de Lima Diniz foi eleito um dos talentos...<\/div>\r\n\r\n\t\t\t\t\t<\/div>\r\n\t\t\t<\/div>\r\n<\/div><div class=\"wppsac-carousel-slides\">\r\n\t\t<div class=\"wppsac-post-image-bg\">\r\n\t\t<a href=\"https:\/\/etechoracio.com.br\/etechas\/projeto-leva-alunos-das-etecs-para-estudar-fora-do-pais\/\">\r\n\t\t\t<img decoding=\"async\" class=\"wppsac-post-image\"  src=\"https:\/\/etechoracio.com.br\/etechas\/wp-content\/uploads\/2025\/05\/post-etec-intercambio.png\" alt=\"Projeto leva alunos das ETECs para estudar fora do pa\u00eds\" \/>\r\n\t\t<\/a>\r\n\t<\/div>\r\n\t\r\n\t<div class=\"wppsac-post-content-position\">\r\n\t\t\t\t<div class=\"wppsac-post-categories\"><ul class=\"wppsac-post-categories-list\"><li><a href=\"https:\/\/etechoracio.com.br\/etechas\/category\/has-na-midia\/\">Has na M\u00eddia<\/a><\/li><\/ul><\/div>\r\n\t\t\r\n\t\t<h2 class=\"wppsac-post-title\">\r\n\t\t\t<a href=\"https:\/\/etechoracio.com.br\/etechas\/projeto-leva-alunos-das-etecs-para-estudar-fora-do-pais\/\">Projeto leva alunos das ETECs para estudar fora do pa\u00eds<\/a>\r\n\t\t<\/h2>\r\n\r\n\t\t\t\t<div class=\"wppsac-post-date\">\r\n\t\t\t\t\t\t<span>By Etec Hor\u00e1cio Augusto da Silveira<\/span>\r\n\t\t\t \/ maio 29, 2025\t\t<\/div>\r\n\t\t\t\t<div class=\"wppsac-post-content\">\r\n\t\t\t<div class=\"wppsac-sub-content\">Contemplados comemoram a oportunidade de obter conhecimento e crescimento profissional Um projeto do Governo de S\u00e3o Paulo vai proporcionar que...<\/div>\r\n\r\n\t\t\t\t\t<\/div>\r\n\t\t\t<\/div>\r\n<\/div><div class=\"wppsac-carousel-slides\">\r\n\t\t<div class=\"wppsac-post-image-bg\">\r\n\t\t<a href=\"https:\/\/etechoracio.com.br\/etechas\/na-etec-eu-descobri-que-poderia-ter-um-futuro-diz-a-jornalista-da-cnn-bruna-macedo\/\">\r\n\t\t\t<img decoding=\"async\" class=\"wppsac-post-image\"  src=\"https:\/\/etechoracio.com.br\/etechas\/wp-content\/uploads\/2021\/10\/Bruna_2.jpg\" alt=\"\u201cNa ETEC, eu descobri que poderia ter um futuro\u201d, diz a jornalista da CNN Bruna Macedo.\" \/>\r\n\t\t<\/a>\r\n\t<\/div>\r\n\t\r\n\t<div class=\"wppsac-post-content-position\">\r\n\t\t\t\t<div class=\"wppsac-post-categories\"><ul class=\"wppsac-post-categories-list\"><li><a href=\"https:\/\/etechoracio.com.br\/etechas\/category\/has-na-midia\/\">Has na M\u00eddia<\/a><\/li><\/ul><\/div>\r\n\t\t\r\n\t\t<h2 class=\"wppsac-post-title\">\r\n\t\t\t<a href=\"https:\/\/etechoracio.com.br\/etechas\/na-etec-eu-descobri-que-poderia-ter-um-futuro-diz-a-jornalista-da-cnn-bruna-macedo\/\">\u201cNa ETEC, eu descobri que poderia ter um futuro\u201d, diz a jornalista da CNN Bruna Macedo.<\/a>\r\n\t\t<\/h2>\r\n\r\n\t\t\t\t<div class=\"wppsac-post-date\">\r\n\t\t\t\t\t\t<span>By Etec Hor\u00e1cio Augusto da Silveira<\/span>\r\n\t\t\t \/ outubro 29, 2021\t\t<\/div>\r\n\t\t\t\t<div class=\"wppsac-post-content\">\r\n\t\t\t<div class=\"wppsac-sub-content\">Ex-aluna da Hor\u00e1cio, a profissional credita ao seu Ensino M\u00e9dio na ETEC a abertura de caminhos que lhe trouxeram uma...<\/div>\r\n\r\n\t\t\t\t\t<\/div>\r\n\t\t\t<\/div>\r\n<\/div>\t\t\t<\/div>\r\n\t\t<\/div>\r\n\t\t\t\t\t<\/div>\n\t\t\t\t<div class=\"elementor-element elementor-element-d15f22b elementor-widget elementor-widget-spacer\" data-id=\"d15f22b\" data-element_type=\"widget\" data-e-type=\"widget\" data-widget_type=\"spacer.default\">\n\t\t\t\t\t\t\t<div class=\"elementor-spacer\">\n\t\t\t<div class=\"elementor-spacer-inner\"><\/div>\n\t\t<\/div>\n\t\t\t\t\t\t<\/div>\n\t\t\t\t\t<\/div>\n\t\t\t\t<\/div>\n\t\t\t\t<\/div>\n\t\t","protected":false},"excerpt":{"rendered":"<p>HAS na M\u00eddia Para al\u00e9m dos muros da escola \ud83d\ude80 Confira as not\u00edcias e repercuss\u00f5es de nossa escola nas principais m\u00eddias:<\/p>\n","protected":false},"author":2,"featured_media":0,"parent":0,"menu_order":0,"comment_status":"closed","ping_status":"closed","template":"","meta":{"_coblocks_attr":"","_coblocks_dimensions":"","_coblocks_responsive_height":"","_coblocks_accordion_ie_support":"","footnotes":""},"class_list":["post-1561","page","type-page","status-publish","hentry","entry","has-media"],"featured_image_src":null,"featured_image_src_square":null,"_links":{"self":[{"href":"https:\/\/etechoracio.com.br\/etechas\/wp-json\/wp\/v2\/pages\/1561","targetHints":{"allow":["GET"]}}],"collection":[{"href":"https:\/\/etechoracio.com.br\/etechas\/wp-json\/wp\/v2\/pages"}],"about":[{"href":"https:\/\/etechoracio.com.br\/etechas\/wp-json\/wp\/v2\/types\/page"}],"author":[{"embeddable":true,"href":"https:\/\/etechoracio.com.br\/etechas\/wp-json\/wp\/v2\/users\/2"}],"replies":[{"embeddable":true,"href":"https:\/\/etechoracio.com.br\/etechas\/wp-json\/wp\/v2\/comments?post=1561"}],"version-history":[{"count":13,"href":"https:\/\/etechoracio.com.br\/etechas\/wp-json\/wp\/v2\/pages\/1561\/revisions"}],"predecessor-version":[{"id":1664,"href":"https:\/\/etechoracio.com.br\/etechas\/wp-json\/wp\/v2\/pages\/1561\/revisions\/1664"}],"wp:attachment":[{"href":"https:\/\/etechoracio.com.br\/etechas\/wp-json\/wp\/v2\/media?parent=1561"}],"curies":[{"name":"wp","href":"https:\/\/api.w.org\/{rel}","templated":true}]}}