{"id":1666,"date":"2025-05-29T19:35:15","date_gmt":"2025-05-29T19:35:15","guid":{"rendered":"https:\/\/etechoracio.com.br\/etechas\/?page_id=1666"},"modified":"2025-06-26T16:09:10","modified_gmt":"2025-06-26T16:09:10","slug":"sobre-nos","status":"publish","type":"page","link":"https:\/\/etechoracio.com.br\/etechas\/sobre-nos\/","title":{"rendered":"Sobre n\u00f3s"},"content":{"rendered":"\t\t<div data-elementor-type=\"wp-page\" data-elementor-id=\"1666\" class=\"elementor elementor-1666\">\n\t\t\t\t<div class=\"elementor-element elementor-element-ba5b0ff e-flex e-con-boxed e-con e-parent\" data-id=\"ba5b0ff\" data-element_type=\"container\" data-e-type=\"container\">\n\t\t\t\t\t<div class=\"e-con-inner\">\n\t\t\t\t<div class=\"elementor-element elementor-element-6e475bb elementor-widget elementor-widget-spacer\" data-id=\"6e475bb\" data-element_type=\"widget\" data-e-type=\"widget\" data-widget_type=\"spacer.default\">\n\t\t\t\t\t\t\t<div class=\"elementor-spacer\">\n\t\t\t<div class=\"elementor-spacer-inner\"><\/div>\n\t\t<\/div>\n\t\t\t\t\t\t<\/div>\n\t\t\t\t<div class=\"elementor-element elementor-element-8af8ef2 elementor-widget elementor-widget-heading\" data-id=\"8af8ef2\" data-element_type=\"widget\" data-e-type=\"widget\" data-widget_type=\"heading.default\">\n\t\t\t\t\t<h2 class=\"elementor-heading-title elementor-size-default\">Sobre n\u00f3s<\/h2>\t\t\t\t<\/div>\n\t\t\t\t\t<\/div>\n\t\t\t\t<\/div>\n\t\t<div class=\"elementor-element elementor-element-fa883ed e-grid e-con-boxed e-con e-parent\" data-id=\"fa883ed\" data-element_type=\"container\" data-e-type=\"container\">\n\t\t\t\t\t<div class=\"e-con-inner\">\n\t\t\t\t<div class=\"elementor-element elementor-element-197d65e elementor-widget elementor-widget-text-editor\" data-id=\"197d65e\" data-element_type=\"widget\" data-e-type=\"widget\" data-widget_type=\"text-editor.default\">\n\t\t\t\t\t\t\t\t\t<p class=\"lead font-weight-light text-color-light text-4\">A Escola T\u00e9cnica Estadual Professor Hor\u00e1cio Augusto da Silveira foi criada pelo <span style=\"text-decoration: underline;\"><a href=\"https:\/\/www.al.sp.gov.br\/repositorio\/legislacao\/decreto\/1993\/decreto-37735-27.10.1993.html\" target=\"_blank\" rel=\"noopener\">Decreto n\u00ba37.735, de 27\/10\/1993<\/a><\/span>, sendo uma unidade de ensino do CEETPS.<\/p><p class=\"font-weight-light text-color-light text-2 mb-4 opacity-7\">Desde ent\u00e3o tem como miss\u00e3o: <em>&#8220;Oferecer ensino de qualidade visando a forma\u00e7\u00e3o de cidad\u00e3os competentes, cr\u00edticos, conscientes, participativos e inovadores, aptos a interagir e intervir na sociedade.&#8221;<\/em><\/p>\t\t\t\t\t\t\t\t<\/div>\n\t\t\t\t<div class=\"elementor-element elementor-element-5f04698 elementor-widget elementor-widget-image\" data-id=\"5f04698\" data-element_type=\"widget\" data-e-type=\"widget\" data-widget_type=\"image.default\">\n\t\t\t\t\t\t\t\t\t\t\t\t\t\t\t<img fetchpriority=\"high\" decoding=\"async\" width=\"1024\" height=\"576\" src=\"https:\/\/etechoracio.com.br\/etechas\/wp-content\/uploads\/2025\/05\/etec-has-2-1024x576.jpg\" class=\"attachment-large size-large wp-image-1676\" alt=\"\" srcset=\"https:\/\/etechoracio.com.br\/etechas\/wp-content\/uploads\/2025\/05\/etec-has-2-1024x576.jpg 1024w, https:\/\/etechoracio.com.br\/etechas\/wp-content\/uploads\/2025\/05\/etec-has-2-300x169.jpg 300w, https:\/\/etechoracio.com.br\/etechas\/wp-content\/uploads\/2025\/05\/etec-has-2-768x432.jpg 768w, https:\/\/etechoracio.com.br\/etechas\/wp-content\/uploads\/2025\/05\/etec-has-2-800x450.jpg 800w, https:\/\/etechoracio.com.br\/etechas\/wp-content\/uploads\/2025\/05\/etec-has-2.jpg 1280w\" sizes=\"(max-width: 1024px) 100vw, 1024px\" \/>\t\t\t\t\t\t\t\t\t\t\t\t\t\t\t<\/div>\n\t\t\t\t\t<\/div>\n\t\t\t\t<\/div>\n\t\t<div class=\"elementor-element elementor-element-0362f56 e-flex e-con-boxed e-con e-parent\" data-id=\"0362f56\" data-element_type=\"container\" data-e-type=\"container\">\n\t\t\t\t\t<div class=\"e-con-inner\">\n\t\t\t\t<div class=\"elementor-element elementor-element-f6404d0 elementor-widget elementor-widget-heading\" data-id=\"f6404d0\" data-element_type=\"widget\" data-e-type=\"widget\" data-widget_type=\"heading.default\">\n\t\t\t\t\t<h2 class=\"elementor-heading-title elementor-size-default\">Nossa Hist\u00f3ria<\/h2>\t\t\t\t<\/div>\n\t\t\t\t<div class=\"elementor-element elementor-element-cb672ab elementor-widget elementor-widget-video\" data-id=\"cb672ab\" data-element_type=\"widget\" data-e-type=\"widget\" data-settings=\"{&quot;youtube_url&quot;:&quot;https:\\\/\\\/youtu.be\\\/YIyVjOobyK0&quot;,&quot;video_type&quot;:&quot;youtube&quot;,&quot;controls&quot;:&quot;yes&quot;}\" data-widget_type=\"video.default\">\n\t\t\t\t\t\t\t<div class=\"elementor-wrapper elementor-open-inline\">\n\t\t\t<div class=\"elementor-video\"><\/div>\t\t<\/div>\n\t\t\t\t\t\t<\/div>\n\t\t\t\t<div class=\"elementor-element elementor-element-9e74a19 elementor-widget elementor-widget-spacer\" data-id=\"9e74a19\" data-element_type=\"widget\" data-e-type=\"widget\" data-widget_type=\"spacer.default\">\n\t\t\t\t\t\t\t<div class=\"elementor-spacer\">\n\t\t\t<div class=\"elementor-spacer-inner\"><\/div>\n\t\t<\/div>\n\t\t\t\t\t\t<\/div>\n\t\t\t\t<div class=\"elementor-element elementor-element-1ec669f elementor-widget elementor-widget-spacer\" data-id=\"1ec669f\" data-element_type=\"widget\" data-e-type=\"widget\" data-widget_type=\"spacer.default\">\n\t\t\t\t\t\t\t<div class=\"elementor-spacer\">\n\t\t\t<div class=\"elementor-spacer-inner\"><\/div>\n\t\t<\/div>\n\t\t\t\t\t\t<\/div>\n\t\t\t\t\t<\/div>\n\t\t\t\t<\/div>\n\t\t\t\t<\/div>\n\t\t","protected":false},"excerpt":{"rendered":"<p>Sobre n\u00f3s A Escola T\u00e9cnica Estadual Professor Hor\u00e1cio Augusto da Silveira foi criada pelo Decreto n\u00ba37.735, de 27\/10\/1993, sendo uma unidade de ensino do CEETPS. Desde ent\u00e3o tem como miss\u00e3o: &#8220;Oferecer ensino de qualidade visando a forma\u00e7\u00e3o de cidad\u00e3os competentes, cr\u00edticos, conscientes, participativos e inovadores, aptos a interagir e intervir na sociedade.&#8221; Nossa Hist\u00f3ria https:\/\/youtu.be\/YIyVjOobyK0<\/p>\n","protected":false},"author":2,"featured_media":0,"parent":0,"menu_order":0,"comment_status":"closed","ping_status":"closed","template":"","meta":{"_coblocks_attr":"","_coblocks_dimensions":"","_coblocks_responsive_height":"","_coblocks_accordion_ie_support":"","footnotes":""},"class_list":["post-1666","page","type-page","status-publish","hentry","entry"],"featured_image_src":null,"featured_image_src_square":null,"_links":{"self":[{"href":"https:\/\/etechoracio.com.br\/etechas\/wp-json\/wp\/v2\/pages\/1666","targetHints":{"allow":["GET"]}}],"collection":[{"href":"https:\/\/etechoracio.com.br\/etechas\/wp-json\/wp\/v2\/pages"}],"about":[{"href":"https:\/\/etechoracio.com.br\/etechas\/wp-json\/wp\/v2\/types\/page"}],"author":[{"embeddable":true,"href":"https:\/\/etechoracio.com.br\/etechas\/wp-json\/wp\/v2\/users\/2"}],"replies":[{"embeddable":true,"href":"https:\/\/etechoracio.com.br\/etechas\/wp-json\/wp\/v2\/comments?post=1666"}],"version-history":[{"count":13,"href":"https:\/\/etechoracio.com.br\/etechas\/wp-json\/wp\/v2\/pages\/1666\/revisions"}],"predecessor-version":[{"id":2182,"href":"https:\/\/etechoracio.com.br\/etechas\/wp-json\/wp\/v2\/pages\/1666\/revisions\/2182"}],"wp:attachment":[{"href":"https:\/\/etechoracio.com.br\/etechas\/wp-json\/wp\/v2\/media?parent=1666"}],"curies":[{"name":"wp","href":"https:\/\/api.w.org\/{rel}","templated":true}]}}