{"id":1703,"date":"2025-05-29T20:14:58","date_gmt":"2025-05-29T20:14:58","guid":{"rendered":"https:\/\/etechoracio.com.br\/etechas\/?page_id=1703"},"modified":"2025-06-06T00:11:27","modified_gmt":"2025-06-06T00:11:27","slug":"recursos-humanos","status":"publish","type":"page","link":"https:\/\/etechoracio.com.br\/etechas\/recursos-humanos\/","title":{"rendered":"Recursos Humanos"},"content":{"rendered":"\t\t<div data-elementor-type=\"wp-page\" data-elementor-id=\"1703\" class=\"elementor elementor-1703\">\n\t\t\t\t<div class=\"elementor-element elementor-element-bd472b0 e-flex e-con-boxed e-con e-parent\" data-id=\"bd472b0\" data-element_type=\"container\" data-e-type=\"container\">\n\t\t\t\t\t<div class=\"e-con-inner\">\n\t\t\t\t<div class=\"elementor-element elementor-element-06a9357 elementor-widget elementor-widget-spacer\" data-id=\"06a9357\" data-element_type=\"widget\" data-e-type=\"widget\" data-widget_type=\"spacer.default\">\n\t\t\t\t\t\t\t<div class=\"elementor-spacer\">\n\t\t\t<div class=\"elementor-spacer-inner\"><\/div>\n\t\t<\/div>\n\t\t\t\t\t\t<\/div>\n\t\t\t\t<div class=\"elementor-element elementor-element-d44b006 elementor-widget elementor-widget-heading\" data-id=\"d44b006\" data-element_type=\"widget\" data-e-type=\"widget\" data-widget_type=\"heading.default\">\n\t\t\t\t\t<h2 class=\"elementor-heading-title elementor-size-default\">Departamento Pessoal<\/h2>\t\t\t\t<\/div>\n\t\t\t\t<div class=\"elementor-element elementor-element-2bf411c elementor-widget elementor-widget-text-editor\" data-id=\"2bf411c\" data-element_type=\"widget\" data-e-type=\"widget\" data-widget_type=\"text-editor.default\">\n\t\t\t\t\t\t\t\t\t<div><b data-olk-copy-source=\"MessageBody\">Hor\u00e1rio de atendimento da Diretoria de Servi\u00e7os:<\/b><\/div><div>\u00a02\u00aa a 4\u00aa das 09h00 \u00e0s 13h00 e das 16h00 \u00e0s 19h00 e<\/div><div>6\u00aa feira das 09h00 \u00e0s 13h00 e das 16h00 \u00e0s 17h00.<\/div><div>\u00a0<\/div><div>Prazo para entrega de atestados e justificativas de falta: 48 horas.<\/div><div>\u00a0<\/div><div>\u00a0<\/div><div><b>Informa\u00e7\u00f5es importantes:<\/b><\/div><ul><li>Assinatura regular do livro ponto<\/li><li>Acessar diariamente o e-mail institucional<\/li><li>Solicita\u00e7\u00f5es, d\u00favidas e informa\u00e7\u00f5es podem ser encaminhadas ao departamento atrav\u00e9s do e-mail: e064adm@cps.sp.gov.br<\/li><\/ul>\t\t\t\t\t\t\t\t<\/div>\n\t\t\t\t<div class=\"elementor-element elementor-element-321f485 elementor-widget elementor-widget-spacer\" data-id=\"321f485\" data-element_type=\"widget\" data-e-type=\"widget\" data-widget_type=\"spacer.default\">\n\t\t\t\t\t\t\t<div class=\"elementor-spacer\">\n\t\t\t<div class=\"elementor-spacer-inner\"><\/div>\n\t\t<\/div>\n\t\t\t\t\t\t<\/div>\n\t\t\t\t\t<\/div>\n\t\t\t\t<\/div>\n\t\t\t\t<\/div>\n\t\t","protected":false},"excerpt":{"rendered":"<p>Departamento Pessoal Hor\u00e1rio de atendimento da Diretoria de Servi\u00e7os:\u00a02\u00aa a 4\u00aa das 09h00 \u00e0s 13h00 e das 16h00 \u00e0s 19h00 e6\u00aa feira das 09h00 \u00e0s 13h00 e das 16h00 \u00e0s 17h00.\u00a0Prazo para entrega de atestados e justificativas de falta: 48 horas.\u00a0\u00a0Informa\u00e7\u00f5es importantes: Assinatura regular do livro ponto Acessar diariamente o e-mail institucional Solicita\u00e7\u00f5es, d\u00favidas e [&hellip;]<\/p>\n","protected":false},"author":2,"featured_media":0,"parent":0,"menu_order":0,"comment_status":"closed","ping_status":"closed","template":"","meta":{"_coblocks_attr":"","_coblocks_dimensions":"","_coblocks_responsive_height":"","_coblocks_accordion_ie_support":"","footnotes":""},"class_list":["post-1703","page","type-page","status-publish","hentry","entry"],"featured_image_src":null,"featured_image_src_square":null,"_links":{"self":[{"href":"https:\/\/etechoracio.com.br\/etechas\/wp-json\/wp\/v2\/pages\/1703","targetHints":{"allow":["GET"]}}],"collection":[{"href":"https:\/\/etechoracio.com.br\/etechas\/wp-json\/wp\/v2\/pages"}],"about":[{"href":"https:\/\/etechoracio.com.br\/etechas\/wp-json\/wp\/v2\/types\/page"}],"author":[{"embeddable":true,"href":"https:\/\/etechoracio.com.br\/etechas\/wp-json\/wp\/v2\/users\/2"}],"replies":[{"embeddable":true,"href":"https:\/\/etechoracio.com.br\/etechas\/wp-json\/wp\/v2\/comments?post=1703"}],"version-history":[{"count":7,"href":"https:\/\/etechoracio.com.br\/etechas\/wp-json\/wp\/v2\/pages\/1703\/revisions"}],"predecessor-version":[{"id":1711,"href":"https:\/\/etechoracio.com.br\/etechas\/wp-json\/wp\/v2\/pages\/1703\/revisions\/1711"}],"wp:attachment":[{"href":"https:\/\/etechoracio.com.br\/etechas\/wp-json\/wp\/v2\/media?parent=1703"}],"curies":[{"name":"wp","href":"https:\/\/api.w.org\/{rel}","templated":true}]}}