{"id":678,"date":"2025-04-10T19:21:15","date_gmt":"2025-04-10T19:21:15","guid":{"rendered":"https:\/\/etechoracio.com.br\/etechas\/?page_id=678"},"modified":"2025-11-28T19:28:27","modified_gmt":"2025-11-28T19:28:27","slug":"apm","status":"publish","type":"page","link":"https:\/\/etechoracio.com.br\/etechas\/apm\/","title":{"rendered":"APM"},"content":{"rendered":"\t\t<div data-elementor-type=\"wp-page\" data-elementor-id=\"678\" class=\"elementor elementor-678\">\n\t\t\t\t<div class=\"elementor-element elementor-element-afb9fe2 e-flex e-con-boxed e-con e-parent\" data-id=\"afb9fe2\" data-element_type=\"container\" data-e-type=\"container\">\n\t\t\t\t\t<div class=\"e-con-inner\">\n\t\t\t\t<div class=\"elementor-element elementor-element-c2d2c32 elementor-widget elementor-widget-spacer\" data-id=\"c2d2c32\" data-element_type=\"widget\" data-e-type=\"widget\" data-widget_type=\"spacer.default\">\n\t\t\t\t\t\t\t<div class=\"elementor-spacer\">\n\t\t\t<div class=\"elementor-spacer-inner\"><\/div>\n\t\t<\/div>\n\t\t\t\t\t\t<\/div>\n\t\t\t\t<div class=\"elementor-element elementor-element-4d33385 elementor-widget elementor-widget-image\" data-id=\"4d33385\" data-element_type=\"widget\" data-e-type=\"widget\" data-widget_type=\"image.default\">\n\t\t\t\t\t\t\t\t\t\t\t\t\t\t\t<img fetchpriority=\"high\" decoding=\"async\" width=\"1024\" height=\"244\" src=\"https:\/\/etechoracio.com.br\/etechas\/wp-content\/uploads\/2025\/05\/BANNER-SITE-ETEC-6-1024x244.png\" class=\"attachment-large size-large wp-image-1554\" alt=\"\" srcset=\"https:\/\/etechoracio.com.br\/etechas\/wp-content\/uploads\/2025\/05\/BANNER-SITE-ETEC-6-1024x244.png 1024w, https:\/\/etechoracio.com.br\/etechas\/wp-content\/uploads\/2025\/05\/BANNER-SITE-ETEC-6-300x72.png 300w, https:\/\/etechoracio.com.br\/etechas\/wp-content\/uploads\/2025\/05\/BANNER-SITE-ETEC-6-768x183.png 768w, https:\/\/etechoracio.com.br\/etechas\/wp-content\/uploads\/2025\/05\/BANNER-SITE-ETEC-6.png 1048w\" sizes=\"(max-width: 1024px) 100vw, 1024px\" \/>\t\t\t\t\t\t\t\t\t\t\t\t\t\t\t<\/div>\n\t\t\t\t<div class=\"elementor-element elementor-element-7890ffc elementor-widget elementor-widget-heading\" data-id=\"7890ffc\" data-element_type=\"widget\" data-e-type=\"widget\" data-widget_type=\"heading.default\">\n\t\t\t\t\t<h2 class=\"elementor-heading-title elementor-size-default\">APM - Associa\u00e7\u00e3o de Pais e Mestres<\/h2>\t\t\t\t<\/div>\n\t\t\t\t<div class=\"elementor-element elementor-element-0c75c87 elementor-widget elementor-widget-text-editor\" data-id=\"0c75c87\" data-element_type=\"widget\" data-e-type=\"widget\" data-widget_type=\"text-editor.default\">\n\t\t\t\t\t\t\t\t\t<p>A APM (Associa\u00e7\u00e3o de Pais e Mestres) \u00e9 uma entidade criada com a finalidade de colaborar para o aperfei\u00e7oamento do processo educacional, para a assist\u00eancia ao escolar e para a integra\u00e7\u00e3o escola-comunidade.<\/p><p>A Associa\u00e7\u00e3o de Pais e Mestres \u00e9 composta por pais e professores que, voluntariamente trabalham em prol da Escola, visando o mais amplo desenvolvimento das atividades escolares.<\/p><p><strong>Voc\u00ea pode ajudar a manter a APM fazendo sua contribui\u00e7\u00e3o espont\u00e2nea ao longo de todo o ano letivo.<\/strong><\/p><h4><strong>Para doa\u00e7\u00f5es via PIX &#8211; <\/strong>Chave CNPJ: 50.282.318\/0001-80<\/h4>\t\t\t\t\t\t\t\t<\/div>\n\t\t\t\t<div class=\"elementor-element elementor-element-38d6677 elementor-widget elementor-widget-heading\" data-id=\"38d6677\" data-element_type=\"widget\" data-e-type=\"widget\" data-widget_type=\"heading.default\">\n\t\t\t\t\t<h2 class=\"elementor-heading-title elementor-size-default\">\u00a0Gest\u00e3o da APM 2025\/2026<\/h2>\t\t\t\t<\/div>\n\t\t\t\t<div class=\"elementor-element elementor-element-31e4e20 elementor-widget elementor-widget-text-editor\" data-id=\"31e4e20\" data-element_type=\"widget\" data-e-type=\"widget\" data-widget_type=\"text-editor.default\">\n\t\t\t\t\t\t\t\t\t<p>Diretor executivo: Prof. Fabio Henrique Rezende de Brito Gama<\/p><p>Vice diretor executivo: Prof. Wagner Ribeiro de Souza<\/p><p>Secret\u00e1rio: Prof. Cristiano de Fran\u00e7a<\/p><p>Diretora financeira : Prof. Cristiani Costa Santos<\/p><p>Vice diretor financeiro: Prof. Otoniel Nunes Pereira<\/p><p>Diretor cultural, esportivo e social: Prof. Rosa Elena Gomes da Silva<\/p><p>Diretor de patrim\u00f4nio: Prof. Imp\u00e9rio Lombardi<\/p><p><strong>Conselho Fiscal:<\/strong><br \/>Elaine Cristina Bueno (aluna e m\u00e3e de aluno);<br \/>Jefferson Egg Ribeiro de Oliveira (ex aluno);<br \/>Marcia Cunha de Carvalho Nunes Fernandes (Assessora T\u00e9cnica Administrativa).<\/p>\t\t\t\t\t\t\t\t<\/div>\n\t\t\t\t<div class=\"elementor-element elementor-element-8108627 elementor-widget elementor-widget-spacer\" data-id=\"8108627\" data-element_type=\"widget\" data-e-type=\"widget\" data-widget_type=\"spacer.default\">\n\t\t\t\t\t\t\t<div class=\"elementor-spacer\">\n\t\t\t<div class=\"elementor-spacer-inner\"><\/div>\n\t\t<\/div>\n\t\t\t\t\t\t<\/div>\n\t\t\t\t\t<\/div>\n\t\t\t\t<\/div>\n\t\t\t\t<\/div>\n\t\t","protected":false},"excerpt":{"rendered":"<p>APM &#8211; Associa\u00e7\u00e3o de Pais e Mestres A APM (Associa\u00e7\u00e3o de Pais e Mestres) \u00e9 uma entidade criada com a finalidade de colaborar para o aperfei\u00e7oamento do processo educacional, para a assist\u00eancia ao escolar e para a integra\u00e7\u00e3o escola-comunidade. A Associa\u00e7\u00e3o de Pais e Mestres \u00e9 composta por pais e professores que, voluntariamente trabalham em [&hellip;]<\/p>\n","protected":false},"author":2,"featured_media":0,"parent":0,"menu_order":0,"comment_status":"closed","ping_status":"closed","template":"","meta":{"_coblocks_attr":"","_coblocks_dimensions":"","_coblocks_responsive_height":"","_coblocks_accordion_ie_support":"","footnotes":""},"class_list":["post-678","page","type-page","status-publish","hentry","entry"],"featured_image_src":null,"featured_image_src_square":null,"_links":{"self":[{"href":"https:\/\/etechoracio.com.br\/etechas\/wp-json\/wp\/v2\/pages\/678","targetHints":{"allow":["GET"]}}],"collection":[{"href":"https:\/\/etechoracio.com.br\/etechas\/wp-json\/wp\/v2\/pages"}],"about":[{"href":"https:\/\/etechoracio.com.br\/etechas\/wp-json\/wp\/v2\/types\/page"}],"author":[{"embeddable":true,"href":"https:\/\/etechoracio.com.br\/etechas\/wp-json\/wp\/v2\/users\/2"}],"replies":[{"embeddable":true,"href":"https:\/\/etechoracio.com.br\/etechas\/wp-json\/wp\/v2\/comments?post=678"}],"version-history":[{"count":28,"href":"https:\/\/etechoracio.com.br\/etechas\/wp-json\/wp\/v2\/pages\/678\/revisions"}],"predecessor-version":[{"id":2748,"href":"https:\/\/etechoracio.com.br\/etechas\/wp-json\/wp\/v2\/pages\/678\/revisions\/2748"}],"wp:attachment":[{"href":"https:\/\/etechoracio.com.br\/etechas\/wp-json\/wp\/v2\/media?parent=678"}],"curies":[{"name":"wp","href":"https:\/\/api.w.org\/{rel}","templated":true}]}}