{"id":682,"date":"2025-04-10T19:22:20","date_gmt":"2025-04-10T19:22:20","guid":{"rendered":"https:\/\/etechoracio.com.br\/etechas\/?page_id=682"},"modified":"2025-08-07T17:10:40","modified_gmt":"2025-08-07T17:10:40","slug":"gremio-estudantil","status":"publish","type":"page","link":"https:\/\/etechoracio.com.br\/etechas\/gremio-estudantil\/","title":{"rendered":"Gr\u00eamio Estudantil"},"content":{"rendered":"\t\t<div data-elementor-type=\"wp-page\" data-elementor-id=\"682\" class=\"elementor elementor-682\">\n\t\t\t\t<div class=\"elementor-element elementor-element-47f8c87 e-flex e-con-boxed e-con e-parent\" data-id=\"47f8c87\" data-element_type=\"container\" data-e-type=\"container\">\n\t\t\t\t\t<div class=\"e-con-inner\">\n\t\t\t\t<div class=\"elementor-element elementor-element-100bfb1 elementor-widget elementor-widget-spacer\" data-id=\"100bfb1\" data-element_type=\"widget\" data-e-type=\"widget\" data-widget_type=\"spacer.default\">\n\t\t\t\t\t\t\t<div class=\"elementor-spacer\">\n\t\t\t<div class=\"elementor-spacer-inner\"><\/div>\n\t\t<\/div>\n\t\t\t\t\t\t<\/div>\n\t\t\t\t<div class=\"elementor-element elementor-element-8b17cf6 elementor-widget elementor-widget-heading\" data-id=\"8b17cf6\" data-element_type=\"widget\" data-e-type=\"widget\" data-widget_type=\"heading.default\">\n\t\t\t\t\t<h2 class=\"elementor-heading-title elementor-size-default\">Gr\u00eamio Estudantil 2025<\/h2>\t\t\t\t<\/div>\n\t\t\t\t<div class=\"elementor-element elementor-element-2b20ff7 elementor-widget elementor-widget-image\" data-id=\"2b20ff7\" data-element_type=\"widget\" data-e-type=\"widget\" data-widget_type=\"image.default\">\n\t\t\t\t\t\t\t\t\t\t\t\t\t\t\t\t<a href=\"https:\/\/preyprey0.github.io\/Gremio\/\" target=\"_blank\">\n\t\t\t\t\t\t\t<img fetchpriority=\"high\" decoding=\"async\" width=\"1024\" height=\"244\" src=\"https:\/\/etechoracio.com.br\/etechas\/wp-content\/uploads\/2025\/08\/BANNER-SITE-ETEC-1-1024x244.png\" class=\"attachment-large size-large wp-image-2426\" alt=\"\" srcset=\"https:\/\/etechoracio.com.br\/etechas\/wp-content\/uploads\/2025\/08\/BANNER-SITE-ETEC-1-1024x244.png 1024w, https:\/\/etechoracio.com.br\/etechas\/wp-content\/uploads\/2025\/08\/BANNER-SITE-ETEC-1-300x72.png 300w, https:\/\/etechoracio.com.br\/etechas\/wp-content\/uploads\/2025\/08\/BANNER-SITE-ETEC-1-768x183.png 768w, https:\/\/etechoracio.com.br\/etechas\/wp-content\/uploads\/2025\/08\/BANNER-SITE-ETEC-1.png 1048w\" sizes=\"(max-width: 1024px) 100vw, 1024px\" \/>\t\t\t\t\t\t\t\t<\/a>\n\t\t\t\t\t\t\t\t\t\t\t\t\t\t\t<\/div>\n\t\t\t\t<div class=\"elementor-element elementor-element-c5f9d20 elementor-widget elementor-widget-text-editor\" data-id=\"c5f9d20\" data-element_type=\"widget\" data-e-type=\"widget\" data-widget_type=\"text-editor.default\">\n\t\t\t\t\t\t\t\t\t<p><strong>Coordenadora geral<\/strong>: Maria Eduarda Santos de Jesus\u00a0 3A<br \/><strong>Coordenador de rela\u00e7\u00f5es acad\u00eamicas:<\/strong> Matheus Pedroso Silva 3AE<br \/><strong>Suplente do Departamento cultural:<\/strong> Eduardo Pereira de Queiroz 3AI<br \/><strong>Coordenadora do departamento cultural:<\/strong> Beatriz Menezes Ferreira 2AL<br \/><strong>Coordenador de esportes:<\/strong> Joao Victor Ferreira da Silva 3AE<br \/><strong>Coordenador de finan\u00e7as:<\/strong> Matheus Freitas monteiro 2AL \/ Murilo Oliveira Ferreira 3AE<\/p><p><strong>Vice Presidente:<\/strong> Ana Beatriz Urias 3AL<br \/><strong>Coordenador de comunica\u00e7\u00e3o:<\/strong> Jose Ant\u00f4nio Garcia 3AE <br \/><br \/><\/p>\t\t\t\t\t\t\t\t<\/div>\n\t\t\t\t<div class=\"elementor-element elementor-element-61724ac elementor-widget elementor-widget-heading\" data-id=\"61724ac\" data-element_type=\"widget\" data-e-type=\"widget\" data-widget_type=\"heading.default\">\n\t\t\t\t\t<h2 class=\"elementor-heading-title elementor-size-default\">\u00daltimas not\u00edcias sobre do Gr\u00eamio da ETEC HAS<\/h2>\t\t\t\t<\/div>\n\t\t\t\t<div class=\"elementor-element elementor-element-18362f5 elementor-widget elementor-widget-html\" data-id=\"18362f5\" data-element_type=\"widget\" data-e-type=\"widget\" data-widget_type=\"html.default\">\n\t\t\t\t\t\t\t<div class=\"wppsac-wrap wppsac-slick-carousel-wrp wppsac-clearfix \" data-conf=\"{&quot;slides_to_show&quot;:&quot;3&quot;,&quot;slides_to_scroll&quot;:&quot;3&quot;,&quot;dots&quot;:&quot;true&quot;,&quot;arrows&quot;:&quot;true&quot;,&quot;autoplay&quot;:&quot;true&quot;,&quot;autoplay_interval&quot;:3000,&quot;speed&quot;:500,&quot;rtl&quot;:&quot;false&quot;,&quot;lazyload&quot;:&quot;&quot;}\">\r\n\t\t\t<div id=\"wppsac-post-carousel-1\" class=\"wppsac-post-slider-init wppsac-post-carousel design-1\">\r\n\t\t\t\t<div class=\"wppsac-carousel-slides\">\r\n\t\t<div class=\"wppsac-post-image-bg\">\r\n\t\t<a href=\"https:\/\/etechoracio.com.br\/etechas\/combate-ao-racismo\/\">\r\n\t\t\t<img decoding=\"async\" class=\"wppsac-post-image\"  src=\"https:\/\/etechoracio.com.br\/etechas\/wp-content\/uploads\/2026\/04\/10-300x200.png\" alt=\"Combate ao Racismo\" \/>\r\n\t\t<\/a>\r\n\t<\/div>\r\n\t\r\n\t<div class=\"wppsac-post-content-position\">\r\n\t\t\t\t<div class=\"wppsac-post-categories\"><ul class=\"wppsac-post-categories-list\"><li><a href=\"https:\/\/etechoracio.com.br\/etechas\/category\/destaques\/\">Destaques<\/a><\/li><li><a href=\"https:\/\/etechoracio.com.br\/etechas\/category\/escola\/\">Escola<\/a><\/li><li><a href=\"https:\/\/etechoracio.com.br\/etechas\/category\/eventos\/\">Eventos<\/a><\/li><li><a href=\"https:\/\/etechoracio.com.br\/etechas\/category\/gremio\/\">Gremio<\/a><\/li><\/ul><\/div>\r\n\t\t\r\n\t\t<h2 class=\"wppsac-post-title\">\r\n\t\t\t<a href=\"https:\/\/etechoracio.com.br\/etechas\/combate-ao-racismo\/\">Combate ao Racismo<\/a>\r\n\t\t<\/h2>\r\n\r\n\t\t\t\t<div class=\"wppsac-post-date\">\r\n\t\t\t\t\t\t<span>By Etec Hor\u00e1cio Augusto da Silveira<\/span>\r\n\t\t\t \/ abril 9, 2026\t\t<\/div>\r\n\t\t\t<\/div>\r\n<\/div><div class=\"wppsac-carousel-slides\">\r\n\t\t<div class=\"wppsac-post-image-bg\">\r\n\t\t<a href=\"https:\/\/etechoracio.com.br\/etechas\/combate-ao-bullying-e-cyberbullying\/\">\r\n\t\t\t<img decoding=\"async\" class=\"wppsac-post-image\"  src=\"https:\/\/etechoracio.com.br\/etechas\/wp-content\/uploads\/2026\/04\/9-300x200.png\" alt=\"Combate ao Bullying e Cyberbullying\" \/>\r\n\t\t<\/a>\r\n\t<\/div>\r\n\t\r\n\t<div class=\"wppsac-post-content-position\">\r\n\t\t\t\t<div class=\"wppsac-post-categories\"><ul class=\"wppsac-post-categories-list\"><li><a href=\"https:\/\/etechoracio.com.br\/etechas\/category\/destaques\/\">Destaques<\/a><\/li><li><a href=\"https:\/\/etechoracio.com.br\/etechas\/category\/escola\/\">Escola<\/a><\/li><li><a href=\"https:\/\/etechoracio.com.br\/etechas\/category\/eventos\/\">Eventos<\/a><\/li><li><a href=\"https:\/\/etechoracio.com.br\/etechas\/category\/gremio\/\">Gremio<\/a><\/li><\/ul><\/div>\r\n\t\t\r\n\t\t<h2 class=\"wppsac-post-title\">\r\n\t\t\t<a href=\"https:\/\/etechoracio.com.br\/etechas\/combate-ao-bullying-e-cyberbullying\/\">Combate ao Bullying e Cyberbullying<\/a>\r\n\t\t<\/h2>\r\n\r\n\t\t\t\t<div class=\"wppsac-post-date\">\r\n\t\t\t\t\t\t<span>By Etec Hor\u00e1cio Augusto da Silveira<\/span>\r\n\t\t\t \/ abril 9, 2026\t\t<\/div>\r\n\t\t\t<\/div>\r\n<\/div><div class=\"wppsac-carousel-slides\">\r\n\t\t<div class=\"wppsac-post-image-bg\">\r\n\t\t<a href=\"https:\/\/etechoracio.com.br\/etechas\/acao-sustentavel-do-gremio-em-favor-da-escola\/\">\r\n\t\t\t<img decoding=\"async\" class=\"wppsac-post-image\"  src=\"https:\/\/etechoracio.com.br\/etechas\/wp-content\/uploads\/2025\/08\/post-site-etec-1-300x200.png\" alt=\"A\u00e7\u00e3o Sustent\u00e1vel do Gr\u00eamio em favor da escola\" \/>\r\n\t\t<\/a>\r\n\t<\/div>\r\n\t\r\n\t<div class=\"wppsac-post-content-position\">\r\n\t\t\t\t<div class=\"wppsac-post-categories\"><ul class=\"wppsac-post-categories-list\"><li><a href=\"https:\/\/etechoracio.com.br\/etechas\/category\/escola\/\">Escola<\/a><\/li><li><a href=\"https:\/\/etechoracio.com.br\/etechas\/category\/eventos\/\">Eventos<\/a><\/li><li><a href=\"https:\/\/etechoracio.com.br\/etechas\/category\/gremio\/\">Gremio<\/a><\/li><\/ul><\/div>\r\n\t\t\r\n\t\t<h2 class=\"wppsac-post-title\">\r\n\t\t\t<a href=\"https:\/\/etechoracio.com.br\/etechas\/acao-sustentavel-do-gremio-em-favor-da-escola\/\">A\u00e7\u00e3o Sustent\u00e1vel do Gr\u00eamio em favor da escola<\/a>\r\n\t\t<\/h2>\r\n\r\n\t\t\t\t<div class=\"wppsac-post-date\">\r\n\t\t\t\t\t\t<span>By Etec Hor\u00e1cio Augusto da Silveira<\/span>\r\n\t\t\t \/ agosto 7, 2025\t\t<\/div>\r\n\t\t\t<\/div>\r\n<\/div>\t\t\t<\/div>\r\n\t\t<\/div>\r\n\t\t\t\t\t<\/div>\n\t\t\t\t<div class=\"elementor-element elementor-element-31f7513 elementor-widget elementor-widget-spacer\" data-id=\"31f7513\" data-element_type=\"widget\" data-e-type=\"widget\" data-widget_type=\"spacer.default\">\n\t\t\t\t\t\t\t<div class=\"elementor-spacer\">\n\t\t\t<div class=\"elementor-spacer-inner\"><\/div>\n\t\t<\/div>\n\t\t\t\t\t\t<\/div>\n\t\t\t\t\t<\/div>\n\t\t\t\t<\/div>\n\t\t\t\t<\/div>\n\t\t","protected":false},"excerpt":{"rendered":"<p>Gr\u00eamio Estudantil 2025 Coordenadora geral: Maria Eduarda Santos de Jesus\u00a0 3ACoordenador de rela\u00e7\u00f5es acad\u00eamicas: Matheus Pedroso Silva 3AESuplente do Departamento cultural: Eduardo Pereira de Queiroz 3AICoordenadora do departamento cultural: Beatriz Menezes Ferreira 2ALCoordenador de esportes: Joao Victor Ferreira da Silva 3AECoordenador de finan\u00e7as: Matheus Freitas monteiro 2AL \/ Murilo Oliveira Ferreira 3AE Vice Presidente: Ana [&hellip;]<\/p>\n","protected":false},"author":2,"featured_media":0,"parent":0,"menu_order":0,"comment_status":"closed","ping_status":"closed","template":"","meta":{"_coblocks_attr":"","_coblocks_dimensions":"","_coblocks_responsive_height":"","_coblocks_accordion_ie_support":"","footnotes":""},"class_list":["post-682","page","type-page","status-publish","hentry","entry","has-media"],"featured_image_src":null,"featured_image_src_square":null,"_links":{"self":[{"href":"https:\/\/etechoracio.com.br\/etechas\/wp-json\/wp\/v2\/pages\/682","targetHints":{"allow":["GET"]}}],"collection":[{"href":"https:\/\/etechoracio.com.br\/etechas\/wp-json\/wp\/v2\/pages"}],"about":[{"href":"https:\/\/etechoracio.com.br\/etechas\/wp-json\/wp\/v2\/types\/page"}],"author":[{"embeddable":true,"href":"https:\/\/etechoracio.com.br\/etechas\/wp-json\/wp\/v2\/users\/2"}],"replies":[{"embeddable":true,"href":"https:\/\/etechoracio.com.br\/etechas\/wp-json\/wp\/v2\/comments?post=682"}],"version-history":[{"count":31,"href":"https:\/\/etechoracio.com.br\/etechas\/wp-json\/wp\/v2\/pages\/682\/revisions"}],"predecessor-version":[{"id":2435,"href":"https:\/\/etechoracio.com.br\/etechas\/wp-json\/wp\/v2\/pages\/682\/revisions\/2435"}],"wp:attachment":[{"href":"https:\/\/etechoracio.com.br\/etechas\/wp-json\/wp\/v2\/media?parent=682"}],"curies":[{"name":"wp","href":"https:\/\/api.w.org\/{rel}","templated":true}]}}