{"id":793,"date":"2025-04-17T18:56:40","date_gmt":"2025-04-17T18:56:40","guid":{"rendered":"https:\/\/etechoracio.com.br\/etechas\/?page_id=793"},"modified":"2025-11-27T18:02:59","modified_gmt":"2025-11-27T18:02:59","slug":"noticias-eventos","status":"publish","type":"page","link":"https:\/\/etechoracio.com.br\/etechas\/noticias-eventos\/","title":{"rendered":"Not\u00edcias e Eventos"},"content":{"rendered":"\t\t<div data-elementor-type=\"wp-page\" data-elementor-id=\"793\" class=\"elementor elementor-793\">\n\t\t\t\t<div class=\"elementor-element elementor-element-59c3b5d6 e-flex e-con-boxed e-con e-parent\" data-id=\"59c3b5d6\" data-element_type=\"container\" data-e-type=\"container\">\n\t\t\t\t\t<div class=\"e-con-inner\">\n\t\t\t\t<div class=\"elementor-element elementor-element-6e544ec0 elementor-widget elementor-widget-text-editor\" data-id=\"6e544ec0\" data-element_type=\"widget\" data-e-type=\"widget\" data-widget_type=\"text-editor.default\">\n\t\t\t\t\t\t\t\t\t\n\n\n<p><\/p>\n\t\t\t\t\t\t\t\t<\/div>\n\t\t\t\t<div class=\"elementor-element elementor-element-62c8bb1 elementor-widget elementor-widget-heading\" data-id=\"62c8bb1\" data-element_type=\"widget\" data-e-type=\"widget\" data-widget_type=\"heading.default\">\n\t\t\t\t\t<h2 class=\"elementor-heading-title elementor-size-default\">Not\u00edcias e Eventos<\/h2>\t\t\t\t<\/div>\n\t\t\t\t<div class=\"elementor-element elementor-element-6d9f640 elementor-widget elementor-widget-text-editor\" data-id=\"6d9f640\" data-element_type=\"widget\" data-e-type=\"widget\" data-widget_type=\"text-editor.default\">\n\t\t\t\t\t\t\t\t\t<p>Fique por dentro das novidades promovidas pela ETEC HAS e eventos da escola:<\/p>\t\t\t\t\t\t\t\t<\/div>\n\t\t\t\t<div class=\"elementor-element elementor-element-babb7be elementor-widget elementor-widget-shortcode\" data-id=\"babb7be\" data-element_type=\"widget\" data-e-type=\"widget\" data-widget_type=\"shortcode.default\">\n\t\t\t\t\t\t\t<div class=\"elementor-shortcode\">\t\t<div class=\"wppsac-wrap wppsac-slick-carousel-wrp wppsac-clearfix \" data-conf=\"{&quot;slides_to_show&quot;:&quot;3&quot;,&quot;slides_to_scroll&quot;:&quot;3&quot;,&quot;dots&quot;:&quot;true&quot;,&quot;arrows&quot;:&quot;true&quot;,&quot;autoplay&quot;:&quot;true&quot;,&quot;autoplay_interval&quot;:3000,&quot;speed&quot;:500,&quot;rtl&quot;:&quot;false&quot;,&quot;lazyload&quot;:&quot;&quot;}\">\r\n\t\t\t<div id=\"wppsac-post-carousel-2\" class=\"wppsac-post-slider-init wppsac-post-carousel design-1\">\r\n\t\t\t\t<div class=\"wppsac-carousel-slides\">\r\n\t\t<div class=\"wppsac-post-image-bg\">\r\n\t\t<a href=\"https:\/\/etechoracio.com.br\/etechas\/combate-ao-racismo\/\">\r\n\t\t\t<img decoding=\"async\" class=\"wppsac-post-image\"  src=\"https:\/\/etechoracio.com.br\/etechas\/wp-content\/uploads\/2026\/04\/10.png\" alt=\"Combate ao Racismo\" \/>\r\n\t\t<\/a>\r\n\t<\/div>\r\n\t\r\n\t<div class=\"wppsac-post-content-position\">\r\n\t\t\t\t<div class=\"wppsac-post-categories\"><ul class=\"wppsac-post-categories-list\"><li><a href=\"https:\/\/etechoracio.com.br\/etechas\/category\/destaques\/\">Destaques<\/a><\/li><li><a href=\"https:\/\/etechoracio.com.br\/etechas\/category\/escola\/\">Escola<\/a><\/li><li><a href=\"https:\/\/etechoracio.com.br\/etechas\/category\/eventos\/\">Eventos<\/a><\/li><li><a href=\"https:\/\/etechoracio.com.br\/etechas\/category\/gremio\/\">Gremio<\/a><\/li><\/ul><\/div>\r\n\t\t\r\n\t\t<h2 class=\"wppsac-post-title\">\r\n\t\t\t<a href=\"https:\/\/etechoracio.com.br\/etechas\/combate-ao-racismo\/\">Combate ao Racismo<\/a>\r\n\t\t<\/h2>\r\n\r\n\t\t\t\t<div class=\"wppsac-post-date\">\r\n\t\t\t\t\t\t<span>By Etec Hor\u00e1cio Augusto da Silveira<\/span>\r\n\t\t\t \/ abril 9, 2026\t\t<\/div>\r\n\t\t\t<\/div>\r\n<\/div><div class=\"wppsac-carousel-slides\">\r\n\t\t<div class=\"wppsac-post-image-bg\">\r\n\t\t<a href=\"https:\/\/etechoracio.com.br\/etechas\/combate-ao-bullying-e-cyberbullying\/\">\r\n\t\t\t<img decoding=\"async\" class=\"wppsac-post-image\"  src=\"https:\/\/etechoracio.com.br\/etechas\/wp-content\/uploads\/2026\/04\/9.png\" alt=\"Combate ao Bullying e Cyberbullying\" \/>\r\n\t\t<\/a>\r\n\t<\/div>\r\n\t\r\n\t<div class=\"wppsac-post-content-position\">\r\n\t\t\t\t<div class=\"wppsac-post-categories\"><ul class=\"wppsac-post-categories-list\"><li><a href=\"https:\/\/etechoracio.com.br\/etechas\/category\/destaques\/\">Destaques<\/a><\/li><li><a href=\"https:\/\/etechoracio.com.br\/etechas\/category\/escola\/\">Escola<\/a><\/li><li><a href=\"https:\/\/etechoracio.com.br\/etechas\/category\/eventos\/\">Eventos<\/a><\/li><li><a href=\"https:\/\/etechoracio.com.br\/etechas\/category\/gremio\/\">Gremio<\/a><\/li><\/ul><\/div>\r\n\t\t\r\n\t\t<h2 class=\"wppsac-post-title\">\r\n\t\t\t<a href=\"https:\/\/etechoracio.com.br\/etechas\/combate-ao-bullying-e-cyberbullying\/\">Combate ao Bullying e Cyberbullying<\/a>\r\n\t\t<\/h2>\r\n\r\n\t\t\t\t<div class=\"wppsac-post-date\">\r\n\t\t\t\t\t\t<span>By Etec Hor\u00e1cio Augusto da Silveira<\/span>\r\n\t\t\t \/ abril 9, 2026\t\t<\/div>\r\n\t\t\t<\/div>\r\n<\/div><div class=\"wppsac-carousel-slides\">\r\n\t\t<div class=\"wppsac-post-image-bg\">\r\n\t\t<a href=\"https:\/\/etechoracio.com.br\/etechas\/dias-das-mulheres-2026-2\/\">\r\n\t\t\t<img decoding=\"async\" class=\"wppsac-post-image\"  src=\"https:\/\/etechoracio.com.br\/etechas\/wp-content\/uploads\/2026\/03\/Capa-dos-posts-site-etec-1.png\" alt=\"Programa de Mentoria BB\" \/>\r\n\t\t<\/a>\r\n\t<\/div>\r\n\t\r\n\t<div class=\"wppsac-post-content-position\">\r\n\t\t\t\t<div class=\"wppsac-post-categories\"><ul class=\"wppsac-post-categories-list\"><li><a href=\"https:\/\/etechoracio.com.br\/etechas\/category\/destaques\/\">Destaques<\/a><\/li><li><a href=\"https:\/\/etechoracio.com.br\/etechas\/category\/escola\/\">Escola<\/a><\/li><\/ul><\/div>\r\n\t\t\r\n\t\t<h2 class=\"wppsac-post-title\">\r\n\t\t\t<a href=\"https:\/\/etechoracio.com.br\/etechas\/dias-das-mulheres-2026-2\/\">Programa de Mentoria BB<\/a>\r\n\t\t<\/h2>\r\n\r\n\t\t\t\t<div class=\"wppsac-post-date\">\r\n\t\t\t\t\t\t<span>By Etec Hor\u00e1cio Augusto da Silveira<\/span>\r\n\t\t\t \/ mar\u00e7o 13, 2026\t\t<\/div>\r\n\t\t\t<\/div>\r\n<\/div><div class=\"wppsac-carousel-slides\">\r\n\t\t<div class=\"wppsac-post-image-bg\">\r\n\t\t<a href=\"https:\/\/etechoracio.com.br\/etechas\/dias-das-mulheres-2026\/\">\r\n\t\t\t<img decoding=\"async\" class=\"wppsac-post-image\"  src=\"https:\/\/etechoracio.com.br\/etechas\/wp-content\/uploads\/2026\/03\/Capa-dos-posts-site-etec.png\" alt=\"Dia das Mulheres 2026\" \/>\r\n\t\t<\/a>\r\n\t<\/div>\r\n\t\r\n\t<div class=\"wppsac-post-content-position\">\r\n\t\t\t\t<div class=\"wppsac-post-categories\"><ul class=\"wppsac-post-categories-list\"><li><a href=\"https:\/\/etechoracio.com.br\/etechas\/category\/destaques\/\">Destaques<\/a><\/li><li><a href=\"https:\/\/etechoracio.com.br\/etechas\/category\/escola\/\">Escola<\/a><\/li><li><a href=\"https:\/\/etechoracio.com.br\/etechas\/category\/eventos\/\">Eventos<\/a><\/li><\/ul><\/div>\r\n\t\t\r\n\t\t<h2 class=\"wppsac-post-title\">\r\n\t\t\t<a href=\"https:\/\/etechoracio.com.br\/etechas\/dias-das-mulheres-2026\/\">Dia das Mulheres 2026<\/a>\r\n\t\t<\/h2>\r\n\r\n\t\t\t\t<div class=\"wppsac-post-date\">\r\n\t\t\t\t\t\t<span>By Etec Hor\u00e1cio Augusto da Silveira<\/span>\r\n\t\t\t \/ mar\u00e7o 13, 2026\t\t<\/div>\r\n\t\t\t<\/div>\r\n<\/div><div class=\"wppsac-carousel-slides\">\r\n\t\t<div class=\"wppsac-post-image-bg\">\r\n\t\t<a href=\"https:\/\/etechoracio.com.br\/etechas\/feteps-2025-has\/\">\r\n\t\t\t<img decoding=\"async\" class=\"wppsac-post-image\"  src=\"https:\/\/etechoracio.com.br\/etechas\/wp-content\/uploads\/2025\/11\/Capa-dos-posts-site-etec-2.png\" alt=\"Participa\u00e7\u00e3o Etec HAS na Feteps 2025\" \/>\r\n\t\t<\/a>\r\n\t<\/div>\r\n\t\r\n\t<div class=\"wppsac-post-content-position\">\r\n\t\t\t\t<div class=\"wppsac-post-categories\"><ul class=\"wppsac-post-categories-list\"><li><a href=\"https:\/\/etechoracio.com.br\/etechas\/category\/escola\/\">Escola<\/a><\/li><li><a href=\"https:\/\/etechoracio.com.br\/etechas\/category\/eventos\/\">Eventos<\/a><\/li><\/ul><\/div>\r\n\t\t\r\n\t\t<h2 class=\"wppsac-post-title\">\r\n\t\t\t<a href=\"https:\/\/etechoracio.com.br\/etechas\/feteps-2025-has\/\">Participa\u00e7\u00e3o Etec HAS na Feteps 2025<\/a>\r\n\t\t<\/h2>\r\n\r\n\t\t\t\t<div class=\"wppsac-post-date\">\r\n\t\t\t\t\t\t<span>By Etec Hor\u00e1cio Augusto da Silveira<\/span>\r\n\t\t\t \/ novembro 27, 2025\t\t<\/div>\r\n\t\t\t<\/div>\r\n<\/div><div class=\"wppsac-carousel-slides\">\r\n\t\t<div class=\"wppsac-post-image-bg\">\r\n\t\t<a href=\"https:\/\/etechoracio.com.br\/etechas\/dias-dos-professores-2025\/\">\r\n\t\t\t<img decoding=\"async\" class=\"wppsac-post-image\"  src=\"https:\/\/etechoracio.com.br\/etechas\/wp-content\/uploads\/2025\/11\/Capa-dos-posts-site-etec-1.png\" alt=\"Dia dos Professores 2025\" \/>\r\n\t\t<\/a>\r\n\t<\/div>\r\n\t\r\n\t<div class=\"wppsac-post-content-position\">\r\n\t\t\t\t<div class=\"wppsac-post-categories\"><ul class=\"wppsac-post-categories-list\"><li><a href=\"https:\/\/etechoracio.com.br\/etechas\/category\/escola\/\">Escola<\/a><\/li><li><a href=\"https:\/\/etechoracio.com.br\/etechas\/category\/eventos\/\">Eventos<\/a><\/li><\/ul><\/div>\r\n\t\t\r\n\t\t<h2 class=\"wppsac-post-title\">\r\n\t\t\t<a href=\"https:\/\/etechoracio.com.br\/etechas\/dias-dos-professores-2025\/\">Dia dos Professores 2025<\/a>\r\n\t\t<\/h2>\r\n\r\n\t\t\t\t<div class=\"wppsac-post-date\">\r\n\t\t\t\t\t\t<span>By Etec Hor\u00e1cio Augusto da Silveira<\/span>\r\n\t\t\t \/ novembro 27, 2025\t\t<\/div>\r\n\t\t\t<\/div>\r\n<\/div><div class=\"wppsac-carousel-slides\">\r\n\t\t<div class=\"wppsac-post-image-bg\">\r\n\t\t<a href=\"https:\/\/etechoracio.com.br\/etechas\/feira-industrial-2025-fotos\/\">\r\n\t\t\t<img decoding=\"async\" class=\"wppsac-post-image\"  src=\"https:\/\/etechoracio.com.br\/etechas\/wp-content\/uploads\/2025\/11\/Capa-dos-posts-site-etec.png\" alt=\"Feira do Industrial 2025\" \/>\r\n\t\t<\/a>\r\n\t<\/div>\r\n\t\r\n\t<div class=\"wppsac-post-content-position\">\r\n\t\t\t\t<div class=\"wppsac-post-categories\"><ul class=\"wppsac-post-categories-list\"><li><a href=\"https:\/\/etechoracio.com.br\/etechas\/category\/escola\/\">Escola<\/a><\/li><li><a href=\"https:\/\/etechoracio.com.br\/etechas\/category\/eventos\/\">Eventos<\/a><\/li><\/ul><\/div>\r\n\t\t\r\n\t\t<h2 class=\"wppsac-post-title\">\r\n\t\t\t<a href=\"https:\/\/etechoracio.com.br\/etechas\/feira-industrial-2025-fotos\/\">Feira do Industrial 2025<\/a>\r\n\t\t<\/h2>\r\n\r\n\t\t\t\t<div class=\"wppsac-post-date\">\r\n\t\t\t\t\t\t<span>By Etec Hor\u00e1cio Augusto da Silveira<\/span>\r\n\t\t\t \/ novembro 27, 2025\t\t<\/div>\r\n\t\t\t<\/div>\r\n<\/div><div class=\"wppsac-carousel-slides\">\r\n\t\t<div class=\"wppsac-post-image-bg\">\r\n\t\t<a href=\"https:\/\/etechoracio.com.br\/etechas\/aluna-da-etec-horacio-na-inglaterra-pelo-intercambio-do-centro-paula-souza\/\">\r\n\t\t\t<img decoding=\"async\" class=\"wppsac-post-image\"  src=\"https:\/\/etechoracio.com.br\/etechas\/wp-content\/uploads\/2025\/09\/Capa-dos-posts-site-etec.png\" alt=\"Aluna da ETEC Hor\u00e1cio na Inglaterra pelo interc\u00e2mbio do Centro Paula Souza\" \/>\r\n\t\t<\/a>\r\n\t<\/div>\r\n\t\r\n\t<div class=\"wppsac-post-content-position\">\r\n\t\t\t\t<div class=\"wppsac-post-categories\"><ul class=\"wppsac-post-categories-list\"><li><a href=\"https:\/\/etechoracio.com.br\/etechas\/category\/destaques\/\">Destaques<\/a><\/li><li><a href=\"https:\/\/etechoracio.com.br\/etechas\/category\/escola\/\">Escola<\/a><\/li><li><a href=\"https:\/\/etechoracio.com.br\/etechas\/category\/has-na-midia\/\">Has na M\u00eddia<\/a><\/li><\/ul><\/div>\r\n\t\t\r\n\t\t<h2 class=\"wppsac-post-title\">\r\n\t\t\t<a href=\"https:\/\/etechoracio.com.br\/etechas\/aluna-da-etec-horacio-na-inglaterra-pelo-intercambio-do-centro-paula-souza\/\">Aluna da ETEC Hor\u00e1cio na Inglaterra pelo interc\u00e2mbio do Centro Paula Souza<\/a>\r\n\t\t<\/h2>\r\n\r\n\t\t\t\t<div class=\"wppsac-post-date\">\r\n\t\t\t\t\t\t<span>By Etec Hor\u00e1cio Augusto da Silveira<\/span>\r\n\t\t\t \/ setembro 18, 2025\t\t<\/div>\r\n\t\t\t<\/div>\r\n<\/div><div class=\"wppsac-carousel-slides\">\r\n\t\t<div class=\"wppsac-post-image-bg\">\r\n\t\t<a href=\"https:\/\/etechoracio.com.br\/etechas\/aluno-da-etec-horacio-na-argentina-pelo-intercambio-do-centro-paula-souza\/\">\r\n\t\t\t<img decoding=\"async\" class=\"wppsac-post-image\"  src=\"https:\/\/etechoracio.com.br\/etechas\/wp-content\/uploads\/2025\/08\/post-site-etec-1-1.png\" alt=\"Aluno da ETEC Hor\u00e1cio na Argentina pelo interc\u00e2mbio do Centro Paula Souza\" \/>\r\n\t\t<\/a>\r\n\t<\/div>\r\n\t\r\n\t<div class=\"wppsac-post-content-position\">\r\n\t\t\t\t<div class=\"wppsac-post-categories\"><ul class=\"wppsac-post-categories-list\"><li><a href=\"https:\/\/etechoracio.com.br\/etechas\/category\/destaques\/\">Destaques<\/a><\/li><li><a href=\"https:\/\/etechoracio.com.br\/etechas\/category\/escola\/\">Escola<\/a><\/li><li><a href=\"https:\/\/etechoracio.com.br\/etechas\/category\/has-na-midia\/\">Has na M\u00eddia<\/a><\/li><\/ul><\/div>\r\n\t\t\r\n\t\t<h2 class=\"wppsac-post-title\">\r\n\t\t\t<a href=\"https:\/\/etechoracio.com.br\/etechas\/aluno-da-etec-horacio-na-argentina-pelo-intercambio-do-centro-paula-souza\/\">Aluno da ETEC Hor\u00e1cio na Argentina pelo interc\u00e2mbio do Centro Paula Souza<\/a>\r\n\t\t<\/h2>\r\n\r\n\t\t\t\t<div class=\"wppsac-post-date\">\r\n\t\t\t\t\t\t<span>By Etec Hor\u00e1cio Augusto da Silveira<\/span>\r\n\t\t\t \/ agosto 14, 2025\t\t<\/div>\r\n\t\t\t<\/div>\r\n<\/div><div class=\"wppsac-carousel-slides\">\r\n\t\t<div class=\"wppsac-post-image-bg\">\r\n\t\t<a href=\"https:\/\/etechoracio.com.br\/etechas\/acao-sustentavel-do-gremio-em-favor-da-escola\/\">\r\n\t\t\t<img decoding=\"async\" class=\"wppsac-post-image\"  src=\"https:\/\/etechoracio.com.br\/etechas\/wp-content\/uploads\/2025\/08\/post-site-etec-1.png\" alt=\"A\u00e7\u00e3o Sustent\u00e1vel do Gr\u00eamio em favor da escola\" \/>\r\n\t\t<\/a>\r\n\t<\/div>\r\n\t\r\n\t<div class=\"wppsac-post-content-position\">\r\n\t\t\t\t<div class=\"wppsac-post-categories\"><ul class=\"wppsac-post-categories-list\"><li><a href=\"https:\/\/etechoracio.com.br\/etechas\/category\/escola\/\">Escola<\/a><\/li><li><a href=\"https:\/\/etechoracio.com.br\/etechas\/category\/eventos\/\">Eventos<\/a><\/li><li><a href=\"https:\/\/etechoracio.com.br\/etechas\/category\/gremio\/\">Gremio<\/a><\/li><\/ul><\/div>\r\n\t\t\r\n\t\t<h2 class=\"wppsac-post-title\">\r\n\t\t\t<a href=\"https:\/\/etechoracio.com.br\/etechas\/acao-sustentavel-do-gremio-em-favor-da-escola\/\">A\u00e7\u00e3o Sustent\u00e1vel do Gr\u00eamio em favor da escola<\/a>\r\n\t\t<\/h2>\r\n\r\n\t\t\t\t<div class=\"wppsac-post-date\">\r\n\t\t\t\t\t\t<span>By Etec Hor\u00e1cio Augusto da Silveira<\/span>\r\n\t\t\t \/ agosto 7, 2025\t\t<\/div>\r\n\t\t\t<\/div>\r\n<\/div>\t\t\t<\/div>\r\n\t\t<\/div>\r\n\t<\/div>\n\t\t\t\t\t\t<\/div>\n\t\t\t\t<div class=\"elementor-element elementor-element-e5e4760 elementor-widget elementor-widget-spacer\" data-id=\"e5e4760\" data-element_type=\"widget\" data-e-type=\"widget\" data-widget_type=\"spacer.default\">\n\t\t\t\t\t\t\t<div class=\"elementor-spacer\">\n\t\t\t<div class=\"elementor-spacer-inner\"><\/div>\n\t\t<\/div>\n\t\t\t\t\t\t<\/div>\n\t\t\t\t<div class=\"elementor-element elementor-element-1267535 elementor-widget elementor-widget-menu-anchor\" data-id=\"1267535\" data-element_type=\"widget\" data-e-type=\"widget\" data-widget_type=\"menu-anchor.default\">\n\t\t\t\t\t\t\t<div class=\"elementor-menu-anchor\" id=\"ranking\"><\/div>\n\t\t\t\t\t\t<\/div>\n\t\t\t\t<div class=\"elementor-element elementor-element-3963982 elementor-widget elementor-widget-heading\" data-id=\"3963982\" data-element_type=\"widget\" data-e-type=\"widget\" data-widget_type=\"heading.default\">\n\t\t\t\t\t<h2 class=\"elementor-heading-title elementor-size-default\">Ranking dos alunos 2025<\/h2>\t\t\t\t<\/div>\n\t\t\t\t<div class=\"elementor-element elementor-element-9e626c3 elementor-widget elementor-widget-html\" data-id=\"9e626c3\" data-element_type=\"widget\" data-e-type=\"widget\" data-widget_type=\"html.default\">\n\t\t\t\t\t<a data-flickr-embed=\"true\" data-header=\"true\" href=\"https:\/\/www.flickr.com\/photos\/203326329@N03\/albums\/72177720328656056\" title=\"Ranking Alunos 2025\"><img fetchpriority=\"high\" decoding=\"async\" src=\"https:\/\/live.staticflickr.com\/65535\/54750458776_8c5b5e534f_c.jpg\" width=\"800\" height=\"600\" alt=\"Ranking Alunos 2025\"\/><\/a><script async src=\"\/\/embedr.flickr.com\/assets\/client-code.js\" charset=\"utf-8\"><\/script>\t\t\t\t<\/div>\n\t\t\t\t<div class=\"elementor-element elementor-element-f19c715 elementor-widget elementor-widget-spacer\" data-id=\"f19c715\" data-element_type=\"widget\" data-e-type=\"widget\" data-widget_type=\"spacer.default\">\n\t\t\t\t\t\t\t<div class=\"elementor-spacer\">\n\t\t\t<div class=\"elementor-spacer-inner\"><\/div>\n\t\t<\/div>\n\t\t\t\t\t\t<\/div>\n\t\t\t\t\t<\/div>\n\t\t\t\t<\/div>\n\t\t<div class=\"elementor-element elementor-element-ddddd4b e-flex e-con-boxed e-con e-parent\" data-id=\"ddddd4b\" data-element_type=\"container\" data-e-type=\"container\">\n\t\t\t\t\t<div class=\"e-con-inner\">\n\t\t\t\t<div class=\"elementor-element elementor-element-071d63c elementor-widget elementor-widget-spacer\" data-id=\"071d63c\" data-element_type=\"widget\" data-e-type=\"widget\" data-widget_type=\"spacer.default\">\n\t\t\t\t\t\t\t<div class=\"elementor-spacer\">\n\t\t\t<div class=\"elementor-spacer-inner\"><\/div>\n\t\t<\/div>\n\t\t\t\t\t\t<\/div>\n\t\t\t\t\t<\/div>\n\t\t\t\t<\/div>\n\t\t<div class=\"elementor-element elementor-element-9738da8 e-flex e-con-boxed e-con e-parent\" data-id=\"9738da8\" data-element_type=\"container\" data-e-type=\"container\" data-settings=\"{&quot;background_background&quot;:&quot;classic&quot;}\">\n\t\t\t\t\t<div class=\"e-con-inner\">\n\t\t\t\t<div class=\"elementor-element elementor-element-c30d968 elementor-widget elementor-widget-spacer\" data-id=\"c30d968\" data-element_type=\"widget\" data-e-type=\"widget\" data-widget_type=\"spacer.default\">\n\t\t\t\t\t\t\t<div class=\"elementor-spacer\">\n\t\t\t<div class=\"elementor-spacer-inner\"><\/div>\n\t\t<\/div>\n\t\t\t\t\t\t<\/div>\n\t\t<div class=\"elementor-element elementor-element-66a3182 e-con-full e-flex e-con e-child\" data-id=\"66a3182\" data-element_type=\"container\" data-e-type=\"container\">\n\t\t\t\t<div class=\"elementor-element elementor-element-8bed2d0 elementor-widget elementor-widget-heading\" data-id=\"8bed2d0\" data-element_type=\"widget\" data-e-type=\"widget\" data-widget_type=\"heading.default\">\n\t\t\t\t\t<h2 class=\"elementor-heading-title elementor-size-default\">Realiza\u00e7\u00e3o TOEIC Bridge 2025<\/h2>\t\t\t\t<\/div>\n\t\t\t\t<div class=\"elementor-element elementor-element-3fa2325 elementor-widget elementor-widget-text-editor\" data-id=\"3fa2325\" data-element_type=\"widget\" data-e-type=\"widget\" data-widget_type=\"text-editor.default\">\n\t\t\t\t\t\t\t\t\t<p>A ETEC <strong>Hor\u00e1cio se destacou<\/strong> no ano de 2025 com o<strong> score obtido por nossos alunos<\/strong> no exame de profici\u00eancia TOEIC Bridge, realizado em diversas Etecs do Centro Paula Souza.<\/p>\n<p>Confira algumas fotos da entrega dos certificados:\u00a0<\/p>\t\t\t\t\t\t\t\t<\/div>\n\t\t\t\t<\/div>\n\t\t<div class=\"elementor-element elementor-element-acfc76b e-con-full e-flex e-con e-child\" data-id=\"acfc76b\" data-element_type=\"container\" data-e-type=\"container\">\n\t\t\t\t<div class=\"elementor-element elementor-element-5ab36be elementor-widget elementor-widget-html\" data-id=\"5ab36be\" data-element_type=\"widget\" data-e-type=\"widget\" data-widget_type=\"html.default\">\n\t\t\t\t\t<a data-flickr-embed=\"true\" data-header=\"true\" href=\"https:\/\/www.flickr.com\/photos\/203326329@N03\/albums\/72177720330594303\" title=\"TOEIC Bridge 2025\"><img decoding=\"async\" src=\"https:\/\/live.staticflickr.com\/65535\/54950111536_3b341ed06d_c.jpg\" width=\"800\" height=\"600\" alt=\"TOEIC Bridge 2025\"\/><\/a><script async src=\"\/\/embedr.flickr.com\/assets\/client-code.js\" charset=\"utf-8\"><\/script>\t\t\t\t<\/div>\n\t\t\t\t<div class=\"elementor-element elementor-element-558601b elementor-widget elementor-widget-spacer\" data-id=\"558601b\" data-element_type=\"widget\" data-e-type=\"widget\" data-widget_type=\"spacer.default\">\n\t\t\t\t\t\t\t<div class=\"elementor-spacer\">\n\t\t\t<div class=\"elementor-spacer-inner\"><\/div>\n\t\t<\/div>\n\t\t\t\t\t\t<\/div>\n\t\t\t\t<\/div>\n\t\t\t\t\t<\/div>\n\t\t\t\t<\/div>\n\t\t\t\t<\/div>\n\t\t","protected":false},"excerpt":{"rendered":"<p>Not\u00edcias e Eventos Fique por dentro das novidades promovidas pela ETEC HAS e eventos da escola: Ranking dos alunos 2025 Realiza\u00e7\u00e3o TOEIC Bridge 2025 A ETEC Hor\u00e1cio se destacou no ano de 2025 com o score obtido por nossos alunos no exame de profici\u00eancia TOEIC Bridge, realizado em diversas Etecs do Centro Paula Souza. Confira [&hellip;]<\/p>\n","protected":false},"author":2,"featured_media":0,"parent":0,"menu_order":0,"comment_status":"closed","ping_status":"closed","template":"","meta":{"_coblocks_attr":"","_coblocks_dimensions":"","_coblocks_responsive_height":"","_coblocks_accordion_ie_support":"","footnotes":""},"class_list":["post-793","page","type-page","status-publish","hentry","entry","has-media"],"featured_image_src":null,"featured_image_src_square":null,"_links":{"self":[{"href":"https:\/\/etechoracio.com.br\/etechas\/wp-json\/wp\/v2\/pages\/793","targetHints":{"allow":["GET"]}}],"collection":[{"href":"https:\/\/etechoracio.com.br\/etechas\/wp-json\/wp\/v2\/pages"}],"about":[{"href":"https:\/\/etechoracio.com.br\/etechas\/wp-json\/wp\/v2\/types\/page"}],"author":[{"embeddable":true,"href":"https:\/\/etechoracio.com.br\/etechas\/wp-json\/wp\/v2\/users\/2"}],"replies":[{"embeddable":true,"href":"https:\/\/etechoracio.com.br\/etechas\/wp-json\/wp\/v2\/comments?post=793"}],"version-history":[{"count":47,"href":"https:\/\/etechoracio.com.br\/etechas\/wp-json\/wp\/v2\/pages\/793\/revisions"}],"predecessor-version":[{"id":2735,"href":"https:\/\/etechoracio.com.br\/etechas\/wp-json\/wp\/v2\/pages\/793\/revisions\/2735"}],"wp:attachment":[{"href":"https:\/\/etechoracio.com.br\/etechas\/wp-json\/wp\/v2\/media?parent=793"}],"curies":[{"name":"wp","href":"https:\/\/api.w.org\/{rel}","templated":true}]}}