{"id":838,"date":"2025-04-24T18:01:33","date_gmt":"2025-04-24T18:01:33","guid":{"rendered":"https:\/\/etechoracio.com.br\/etechas\/?page_id=838"},"modified":"2025-05-13T15:29:24","modified_gmt":"2025-05-13T15:29:24","slug":"email-institucional","status":"publish","type":"page","link":"https:\/\/etechoracio.com.br\/etechas\/email-institucional\/","title":{"rendered":"Email Institucional"},"content":{"rendered":"\t\t<div data-elementor-type=\"wp-page\" data-elementor-id=\"838\" class=\"elementor elementor-838\">\n\t\t\t\t<div class=\"elementor-element elementor-element-5146351 e-flex e-con-boxed e-con e-parent\" data-id=\"5146351\" data-element_type=\"container\" data-e-type=\"container\">\n\t\t\t\t\t<div class=\"e-con-inner\">\n\t\t\t\t<div class=\"elementor-element elementor-element-56f9934 elementor-widget elementor-widget-spacer\" data-id=\"56f9934\" data-element_type=\"widget\" data-e-type=\"widget\" data-widget_type=\"spacer.default\">\n\t\t\t\t\t\t\t<div class=\"elementor-spacer\">\n\t\t\t<div class=\"elementor-spacer-inner\"><\/div>\n\t\t<\/div>\n\t\t\t\t\t\t<\/div>\n\t\t\t\t<div class=\"elementor-element elementor-element-cecd5a5 elementor-widget elementor-widget-heading\" data-id=\"cecd5a5\" data-element_type=\"widget\" data-e-type=\"widget\" data-widget_type=\"heading.default\">\n\t\t\t\t\t<h2 class=\"elementor-heading-title elementor-size-default\">Email Institucional<\/h2>\t\t\t\t<\/div>\n\t\t\t\t<div class=\"elementor-element elementor-element-2eb079b elementor-widget elementor-widget-text-editor\" data-id=\"2eb079b\" data-element_type=\"widget\" data-e-type=\"widget\" data-widget_type=\"text-editor.default\">\n\t\t\t\t\t\t\t\t\t<p>Todos os alunos matriculados nas Etecs t\u00eam \u00e0 sua disposi\u00e7\u00e3o o acesso ao e-mail institucional @etec.sp.gov.br.<\/p><p>O acesso aos aplicativos Microsoft \u00e9 garantido, enquanto o aluno se mantiver ativo na Escola.<\/p><p>Para acess\u00e1-lo, siga as orienta\u00e7\u00f5es constantes nesta p\u00e1gina.<\/p>\t\t\t\t\t\t\t\t<\/div>\n\t\t\t\t<div class=\"elementor-element elementor-element-46c9018 elementor-widget elementor-widget-video\" data-id=\"46c9018\" data-element_type=\"widget\" data-e-type=\"widget\" data-settings=\"{&quot;youtube_url&quot;:&quot;https:\\\/\\\/youtu.be\\\/YGPiypDRBLo?si=2fBDWzQcv0huf4Jd&quot;,&quot;video_type&quot;:&quot;youtube&quot;,&quot;controls&quot;:&quot;yes&quot;}\" data-widget_type=\"video.default\">\n\t\t\t\t\t\t\t<div class=\"elementor-wrapper elementor-open-inline\">\n\t\t\t<div class=\"elementor-video\"><\/div>\t\t<\/div>\n\t\t\t\t\t\t<\/div>\n\t\t\t\t<div class=\"elementor-element elementor-element-89cefaf elementor-widget elementor-widget-text-editor\" data-id=\"89cefaf\" data-element_type=\"widget\" data-e-type=\"widget\" data-widget_type=\"text-editor.default\">\n\t\t\t\t\t\t\t\t\t<figure class=\"wp-block-embed is-type-video is-provider-youtube wp-block-embed-youtube wp-embed-aspect-16-9 wp-has-aspect-ratio\"><figcaption class=\"wp-element-caption\"><strong>Qual \u00e9 o meu e-mail institucional?<\/strong><\/figcaption><\/figure><p>\u200bSiga o tutorial indicado para realizar a obten\u00e7\u00e3o de seu e-mail institucional.<\/p><p>Para descobrir qual o seu e-mail institucional,<\/p><ol class=\"wp-block-list\"><li>Acesse\u00a0<a href=\"http:\/\/www.etec.sp.gov.br\/\" target=\"_blank\" rel=\"noreferrer noopener\"><strong>www.etec.sp.gov.br<\/strong><\/a>;<\/li><li>Em seguida, clique em \u201c<strong>E-mail institucional<\/strong>\u201c;<\/li><li>Depois em \u201c<strong>Qual \u00e9 o meu e-mail?<\/strong>\u201c;<\/li><li>Digite o seu\u00a0<strong>CPF\u00a0<\/strong>para receber os dados do seu e-mail institucional;<\/li><li>Acesse seu e-mail pessoal para ler as informa\u00e7\u00f5es;<\/li><li>Leia na mensagem recebida o seu endere\u00e7o de e-mail institucional.<\/li><\/ol><p>.<\/p>\t\t\t\t\t\t\t\t<\/div>\n\t\t\t\t<div class=\"elementor-element elementor-element-49f0a8e elementor-widget elementor-widget-video\" data-id=\"49f0a8e\" data-element_type=\"widget\" data-e-type=\"widget\" data-settings=\"{&quot;youtube_url&quot;:&quot;https:\\\/\\\/youtu.be\\\/YGPiypDRBLo?si=JLKkfF6FpvnBdg-D&quot;,&quot;video_type&quot;:&quot;youtube&quot;,&quot;controls&quot;:&quot;yes&quot;}\" data-widget_type=\"video.default\">\n\t\t\t\t\t\t\t<div class=\"elementor-wrapper elementor-open-inline\">\n\t\t\t<div class=\"elementor-video\"><\/div>\t\t<\/div>\n\t\t\t\t\t\t<\/div>\n\t\t\t\t<div class=\"elementor-element elementor-element-6511712 elementor-widget elementor-widget-text-editor\" data-id=\"6511712\" data-element_type=\"widget\" data-e-type=\"widget\" data-widget_type=\"text-editor.default\">\n\t\t\t\t\t\t\t\t\t<figure class=\"wp-block-embed is-type-video is-provider-youtube wp-block-embed-youtube wp-embed-aspect-16-9 wp-has-aspect-ratio\"><figcaption class=\"wp-element-caption\"><strong>Como recuperar a senha do seu e-mail institucional?<\/strong><\/figcaption><\/figure><p>ATEN\u00c7\u00c3O! O recebimento da mensagem de redefini\u00e7\u00e3o de senha pode demorar at\u00e9\u00a0<em>12 horas<\/em>. Por isso, pedimos que fa\u00e7a a solicita\u00e7\u00e3o e aguarde o per\u00edodo. Lembre-se de olhar a Caixa de Spam\/Lixo Eletr\u00f4nico, pois a mensagem pode ser direcionada para este local, dependendo da configura\u00e7\u00e3o de privacidade e seguran\u00e7a do e-mail cadastrado.<\/p><p>\u200bPara recuperar a senha do e-mail institucional:<\/p><ol class=\"wp-block-list\"><li>Acesse\u00a0<strong><a href=\"http:\/\/www.etec.sp.gov.br\/\" target=\"_blank\" rel=\"noreferrer noopener\">www.etec.sp.gov.br<\/a><\/strong>;<\/li><li>Clique em\u00a0<strong>E-mail institucional<\/strong>;<\/li><li>Em seguida, clique em\u00a0<strong>Redefinir senha<\/strong>;<\/li><li>Insira seu\u00a0<strong>CPF\u00a0<\/strong>e seu\u00a0<strong>e-mail institucional<\/strong>, clicando em \u201c<strong>Enviar e-mail<\/strong>\u201c.<\/li><li>Acesse seu\u00a0<strong>e-mail pessoal<\/strong>\u00a0para ler as informa\u00e7\u00f5es;<\/li><li>Abra a mensagem e clique no link \u201c<strong>clicar aqui<\/strong>\u201d dispon\u00edvel no e-mail recebido.<\/li><li>Preencha os campos com seu\u00a0<strong>e-mail institucional<\/strong>, sua\u00a0<strong>data de nascimento<\/strong>\u00a0e seu n\u00famero de\u00a0<strong>celular<\/strong>;<\/li><li>Em seguida, clique em \u201c<strong>Enviar nova senha<\/strong>\u201d e aguarde o recebimento da mensagem em seu e-mail secund\u00e1rio;<\/li><li>Na mensagem recebida voc\u00ea ver\u00e1 uma senha tempor\u00e1ria. Utilize-a para acessar seu e-mail e crie uma nova senha no primeiro acesso ao Outlook.<\/li><\/ol><p>Pronto! Agora voc\u00ea j\u00e1 tem acesso ao seu e-mail institucional e a todos os programas disponibilizados pela Microsoft, nossa parceira.\u00a0<\/p>\t\t\t\t\t\t\t\t<\/div>\n\t\t\t\t<div class=\"elementor-element elementor-element-c0701da elementor-widget elementor-widget-spacer\" data-id=\"c0701da\" data-element_type=\"widget\" data-e-type=\"widget\" data-widget_type=\"spacer.default\">\n\t\t\t\t\t\t\t<div class=\"elementor-spacer\">\n\t\t\t<div class=\"elementor-spacer-inner\"><\/div>\n\t\t<\/div>\n\t\t\t\t\t\t<\/div>\n\t\t\t\t\t<\/div>\n\t\t\t\t<\/div>\n\t\t\t\t<\/div>\n\t\t","protected":false},"excerpt":{"rendered":"<p>Email Institucional Todos os alunos matriculados nas Etecs t\u00eam \u00e0 sua disposi\u00e7\u00e3o o acesso ao e-mail institucional @etec.sp.gov.br. O acesso aos aplicativos Microsoft \u00e9 garantido, enquanto o aluno se mantiver ativo na Escola. Para acess\u00e1-lo, siga as orienta\u00e7\u00f5es constantes nesta p\u00e1gina. https:\/\/youtu.be\/YGPiypDRBLo?si=2fBDWzQcv0huf4Jd Qual \u00e9 o meu e-mail institucional? \u200bSiga o tutorial indicado para realizar a [&hellip;]<\/p>\n","protected":false},"author":2,"featured_media":0,"parent":0,"menu_order":0,"comment_status":"closed","ping_status":"closed","template":"","meta":{"_coblocks_attr":"","_coblocks_dimensions":"","_coblocks_responsive_height":"","_coblocks_accordion_ie_support":"","footnotes":""},"class_list":["post-838","page","type-page","status-publish","hentry","entry"],"featured_image_src":null,"featured_image_src_square":null,"_links":{"self":[{"href":"https:\/\/etechoracio.com.br\/etechas\/wp-json\/wp\/v2\/pages\/838","targetHints":{"allow":["GET"]}}],"collection":[{"href":"https:\/\/etechoracio.com.br\/etechas\/wp-json\/wp\/v2\/pages"}],"about":[{"href":"https:\/\/etechoracio.com.br\/etechas\/wp-json\/wp\/v2\/types\/page"}],"author":[{"embeddable":true,"href":"https:\/\/etechoracio.com.br\/etechas\/wp-json\/wp\/v2\/users\/2"}],"replies":[{"embeddable":true,"href":"https:\/\/etechoracio.com.br\/etechas\/wp-json\/wp\/v2\/comments?post=838"}],"version-history":[{"count":4,"href":"https:\/\/etechoracio.com.br\/etechas\/wp-json\/wp\/v2\/pages\/838\/revisions"}],"predecessor-version":[{"id":1252,"href":"https:\/\/etechoracio.com.br\/etechas\/wp-json\/wp\/v2\/pages\/838\/revisions\/1252"}],"wp:attachment":[{"href":"https:\/\/etechoracio.com.br\/etechas\/wp-json\/wp\/v2\/media?parent=838"}],"curies":[{"name":"wp","href":"https:\/\/api.w.org\/{rel}","templated":true}]}}