{"id":899,"date":"2025-04-24T18:41:01","date_gmt":"2025-04-24T18:41:01","guid":{"rendered":"https:\/\/etechoracio.com.br\/etechas\/?page_id=899"},"modified":"2025-05-23T15:54:16","modified_gmt":"2025-05-23T15:54:16","slug":"conselho-de-escola-2","status":"publish","type":"page","link":"https:\/\/etechoracio.com.br\/etechas\/conselho-de-escola-2\/","title":{"rendered":"Conselho de Escola"},"content":{"rendered":"\t\t<div data-elementor-type=\"wp-page\" data-elementor-id=\"899\" class=\"elementor elementor-899\">\n\t\t\t\t<div class=\"elementor-element elementor-element-46fc423 e-flex e-con-boxed e-con e-parent\" data-id=\"46fc423\" data-element_type=\"container\" data-e-type=\"container\">\n\t\t\t\t\t<div class=\"e-con-inner\">\n\t\t\t\t<div class=\"elementor-element elementor-element-0ccaf4f elementor-widget elementor-widget-spacer\" data-id=\"0ccaf4f\" data-element_type=\"widget\" data-e-type=\"widget\" data-widget_type=\"spacer.default\">\n\t\t\t\t\t\t\t<div class=\"elementor-spacer\">\n\t\t\t<div class=\"elementor-spacer-inner\"><\/div>\n\t\t<\/div>\n\t\t\t\t\t\t<\/div>\n\t\t\t\t<div class=\"elementor-element elementor-element-e61c716 elementor-widget elementor-widget-heading\" data-id=\"e61c716\" data-element_type=\"widget\" data-e-type=\"widget\" data-widget_type=\"heading.default\">\n\t\t\t\t\t<h2 class=\"elementor-heading-title elementor-size-default\">Conselho de Escola - 2025\/2026<\/h2>\t\t\t\t<\/div>\n\t\t\t\t<div class=\"elementor-element elementor-element-94d41ed elementor-widget elementor-widget-text-editor\" data-id=\"94d41ed\" data-element_type=\"widget\" data-e-type=\"widget\" data-widget_type=\"text-editor.default\">\n\t\t\t\t\t\t\t\t\t<p><strong>Presidente:<\/strong> Robson Elias Bueno<br \/><strong>Representante das diretorias de servi\u00e7os:<\/strong> Edson Nicolau Vargas<br \/><strong>Representante dos professores: <\/strong>Fernando dos Santos Ara\u00fajo<br \/><strong>Representante dos pais de alunos:\u00a0<\/strong>Cristiani Costa Santos<br \/><strong>Representante dos alunos:<\/strong> Franciele Carla Lopes Bezerra<br \/><strong>Representante dos servidores t\u00e9cnicos e administrativos:\u00a0<\/strong>Cristiane Pereira da S. dos Santos<br \/><strong>Representante institui\u00e7\u00f5es auxiliares: <\/strong>Let\u00edcia Cunha de S. Maria Serafim\u00a0<br \/><strong>Representante institui\u00e7\u00f5es auxiliares: <\/strong>Penha Aparecida P. Silva Moreira<strong><br \/>Representante dos\u00a0<\/strong><strong>coordenadores: <\/strong>Cristiano de Fran\u00e7a<br \/><strong>Aluno egresso: <\/strong>Anabel Jhocelin L. Illanes<br \/><strong>Representante de institui\u00e7\u00e3o de ensino:<\/strong> Eliane R. M. Santa Rosa<br \/><strong>Representante dos empres\u00e1rios:<\/strong> Manoel R Amaral Ferreira<br \/><strong>Representante dos empres\u00e1rios:<\/strong> Jefferson L\u00e1zaro Faim<\/p><p>De acordo com o Regimento Comum das Escolas T\u00e9cnicas , o Conselho de Escola ter\u00e1 as seguintes atribui\u00e7\u00f5es:<br \/>I \u2013 deliberar sobre:<br \/>a) o projeto pol\u00edtico-pedag\u00f3gico da escola;<br \/>b) o plano plurianual de gest\u00e3o;<br \/>c) alternativas de solu\u00e7\u00e3o para os problemas acad\u00eamicos e pedag\u00f3gicos, sempre que solicitado pelo Diretor da Unidade;<br \/>d) as prioridades para aplica\u00e7\u00e3o de recursos oriundos de verbas espec\u00edficas ou projetos de melhoria para a escola;<br \/>e) Calend\u00e1rio Escolar precedendo a sua homologa\u00e7\u00e3o pelo \u00f3rg\u00e3o competente.<br \/>II \u2013 estabelecer diretrizes e propor a\u00e7\u00f5es de integra\u00e7\u00e3o da Unidade ETEC com a comunidade;<br \/>III \u2013 analisar propostas de implanta\u00e7\u00e3o ou extin\u00e7\u00e3o de cursos oferecidos pela Unidade ETEC, de acordo com as demandas locais e regionais e outros<br \/>indicadores;<br \/>IV \u2013 apreciar e aprovar os relat\u00f3rios anuais da escola, analisando seu desempenho diante das diretrizes e metas estabelecidas<br \/>(\u2026..)<\/p><p>\u00a7 1\u00ba \u2013 O Conselho de Escola poder\u00e1 ser convocado pela Dire\u00e7\u00e3o da Unidade ETEC para manifestar-se sobre outros temas de interesse da comunidade<br \/>escolar.<br \/>\u00a7 2\u00ba \u2013 O Conselho de Escola reunir-se-\u00e1, ordinariamente, no m\u00ednimo, duas vezes a cada semestre e, extraordinariamente, quando convocado pelo seu<br \/>presidente ou pela maioria de seus membros<br \/>(\u2026.)<br \/>\u00a7 5\u00ba \u2013 O Conselho de Escola tomar\u00e1 suas decis\u00f5es, respeitando os princ\u00edpios e diretrizes da pol\u00edtica educacional, da proposta pedag\u00f3gica da escola e da legisla\u00e7\u00e3o vigente.<\/p>\t\t\t\t\t\t\t\t<\/div>\n\t\t\t\t<div class=\"elementor-element elementor-element-9cade4d elementor-widget elementor-widget-spacer\" data-id=\"9cade4d\" data-element_type=\"widget\" data-e-type=\"widget\" data-widget_type=\"spacer.default\">\n\t\t\t\t\t\t\t<div class=\"elementor-spacer\">\n\t\t\t<div class=\"elementor-spacer-inner\"><\/div>\n\t\t<\/div>\n\t\t\t\t\t\t<\/div>\n\t\t\t\t\t<\/div>\n\t\t\t\t<\/div>\n\t\t\t\t<\/div>\n\t\t","protected":false},"excerpt":{"rendered":"<p>Conselho de Escola &#8211; 2025\/2026 Presidente: Robson Elias BuenoRepresentante das diretorias de servi\u00e7os: Edson Nicolau VargasRepresentante dos professores: Fernando dos Santos Ara\u00fajoRepresentante dos pais de alunos:\u00a0Cristiani Costa SantosRepresentante dos alunos: Franciele Carla Lopes BezerraRepresentante dos servidores t\u00e9cnicos e administrativos:\u00a0Cristiane Pereira da S. dos SantosRepresentante institui\u00e7\u00f5es auxiliares: Let\u00edcia Cunha de S. Maria Serafim\u00a0Representante institui\u00e7\u00f5es auxiliares: Penha [&hellip;]<\/p>\n","protected":false},"author":2,"featured_media":0,"parent":0,"menu_order":0,"comment_status":"closed","ping_status":"closed","template":"","meta":{"_coblocks_attr":"","_coblocks_dimensions":"","_coblocks_responsive_height":"","_coblocks_accordion_ie_support":"","footnotes":""},"class_list":["post-899","page","type-page","status-publish","hentry","entry"],"featured_image_src":null,"featured_image_src_square":null,"_links":{"self":[{"href":"https:\/\/etechoracio.com.br\/etechas\/wp-json\/wp\/v2\/pages\/899","targetHints":{"allow":["GET"]}}],"collection":[{"href":"https:\/\/etechoracio.com.br\/etechas\/wp-json\/wp\/v2\/pages"}],"about":[{"href":"https:\/\/etechoracio.com.br\/etechas\/wp-json\/wp\/v2\/types\/page"}],"author":[{"embeddable":true,"href":"https:\/\/etechoracio.com.br\/etechas\/wp-json\/wp\/v2\/users\/2"}],"replies":[{"embeddable":true,"href":"https:\/\/etechoracio.com.br\/etechas\/wp-json\/wp\/v2\/comments?post=899"}],"version-history":[{"count":17,"href":"https:\/\/etechoracio.com.br\/etechas\/wp-json\/wp\/v2\/pages\/899\/revisions"}],"predecessor-version":[{"id":1577,"href":"https:\/\/etechoracio.com.br\/etechas\/wp-json\/wp\/v2\/pages\/899\/revisions\/1577"}],"wp:attachment":[{"href":"https:\/\/etechoracio.com.br\/etechas\/wp-json\/wp\/v2\/media?parent=899"}],"curies":[{"name":"wp","href":"https:\/\/api.w.org\/{rel}","templated":true}]}}