{"id":959,"date":"2025-04-25T19:52:41","date_gmt":"2025-04-25T19:52:41","guid":{"rendered":"https:\/\/etechoracio.com.br\/etechas\/?page_id=959"},"modified":"2025-05-07T01:20:18","modified_gmt":"2025-05-07T01:20:18","slug":"app-nsa","status":"publish","type":"page","link":"https:\/\/etechoracio.com.br\/etechas\/app-nsa\/","title":{"rendered":"App NSA"},"content":{"rendered":"\t\t<div data-elementor-type=\"wp-page\" data-elementor-id=\"959\" class=\"elementor elementor-959\">\n\t\t\t\t<div class=\"elementor-element elementor-element-eec0765 e-flex e-con-boxed e-con e-parent\" data-id=\"eec0765\" data-element_type=\"container\" data-e-type=\"container\">\n\t\t\t\t\t<div class=\"e-con-inner\">\n\t\t\t\t<div class=\"elementor-element elementor-element-5806ca9 elementor-widget elementor-widget-spacer\" data-id=\"5806ca9\" data-element_type=\"widget\" data-e-type=\"widget\" data-widget_type=\"spacer.default\">\n\t\t\t\t\t\t\t<div class=\"elementor-spacer\">\n\t\t\t<div class=\"elementor-spacer-inner\"><\/div>\n\t\t<\/div>\n\t\t\t\t\t\t<\/div>\n\t\t\t\t<div class=\"elementor-element elementor-element-81a8b1d elementor-widget elementor-widget-heading\" data-id=\"81a8b1d\" data-element_type=\"widget\" data-e-type=\"widget\" data-widget_type=\"heading.default\">\n\t\t\t\t\t<h2 class=\"elementor-heading-title elementor-size-default\">Instalar o aplicativo NSA Aluno<\/h2>\t\t\t\t<\/div>\n\t\t\t\t<div class=\"elementor-element elementor-element-fe50296 elementor-widget elementor-widget-text-editor\" data-id=\"fe50296\" data-element_type=\"widget\" data-e-type=\"widget\" data-widget_type=\"text-editor.default\">\n\t\t\t\t\t\t\t\t\t<div data-breakout=\"normal\"><p id=\"viewer-9lne0\" class=\"EY0Xg W2aKK -oSrG YjabP\" dir=\"auto\"><span class=\"_1Kc57 -oSrG\">O <strong>NSA Aluno<\/strong> \u00e9 um aplicativo gratuito para alunos e respons\u00e1veis acessarem o Sistema NSA (Novo Sistema Acad\u00eamico) atrav\u00e9s de seus aparelhos de celulares e verem informa\u00e7\u00f5es como notas, frequ\u00eancias etc.\u00a0<\/span><\/p><p dir=\"auto\">Links para instalar o aplicativo:<\/p><\/div><div data-breakout=\"normal\"><p id=\"viewer-7gjo3\" class=\"EY0Xg W2aKK -oSrG YjabP\" dir=\"auto\"><span class=\"_1Kc57 -oSrG\"><strong>NSA &#8211; ALUNO (ANDROID) <\/strong>\u2022 <a class=\"XSxHY gMMfB\" href=\"https:\/\/play.google.com\/store\/apps\/details?id=br.com.elsolutions.nsa_aluno_mobile\" target=\"_blank\" rel=\"noopener\" data-hook=\"web-link\"><u>Clique no link para Download da vers\u00e3o ANDROID do app<\/u><\/a> <\/span><\/p><\/div><div data-hook=\"rcv-block7\"><strong>NSA &#8211; ALUNO (IOS) <\/strong>\u2022 <a class=\"XSxHY gMMfB\" href=\"https:\/\/apps.apple.com\/br\/app\/nsa-aluno-app\/id6458790228\" target=\"_blank\" rel=\"noopener\" data-hook=\"web-link\"><u>Clique no link para Download da vers\u00e3o IOS do app<\/u><\/a><\/div>\t\t\t\t\t\t\t\t<\/div>\n\t\t\t\t<div class=\"elementor-element elementor-element-81c2b05 elementor-widget elementor-widget-spacer\" data-id=\"81c2b05\" data-element_type=\"widget\" data-e-type=\"widget\" data-widget_type=\"spacer.default\">\n\t\t\t\t\t\t\t<div class=\"elementor-spacer\">\n\t\t\t<div class=\"elementor-spacer-inner\"><\/div>\n\t\t<\/div>\n\t\t\t\t\t\t<\/div>\n\t\t\t\t\t<\/div>\n\t\t\t\t<\/div>\n\t\t\t\t<\/div>\n\t\t","protected":false},"excerpt":{"rendered":"<p>Instalar o aplicativo NSA Aluno O NSA Aluno \u00e9 um aplicativo gratuito para alunos e respons\u00e1veis acessarem o Sistema NSA (Novo Sistema Acad\u00eamico) atrav\u00e9s de seus aparelhos de celulares e verem informa\u00e7\u00f5es como notas, frequ\u00eancias etc.\u00a0 Links para instalar o aplicativo: NSA &#8211; ALUNO (ANDROID) \u2022 Clique no link para Download da vers\u00e3o ANDROID do [&hellip;]<\/p>\n","protected":false},"author":2,"featured_media":0,"parent":0,"menu_order":0,"comment_status":"closed","ping_status":"closed","template":"","meta":{"_coblocks_attr":"","_coblocks_dimensions":"","_coblocks_responsive_height":"","_coblocks_accordion_ie_support":"","footnotes":""},"class_list":["post-959","page","type-page","status-publish","hentry","entry"],"featured_image_src":null,"featured_image_src_square":null,"_links":{"self":[{"href":"https:\/\/etechoracio.com.br\/etechas\/wp-json\/wp\/v2\/pages\/959","targetHints":{"allow":["GET"]}}],"collection":[{"href":"https:\/\/etechoracio.com.br\/etechas\/wp-json\/wp\/v2\/pages"}],"about":[{"href":"https:\/\/etechoracio.com.br\/etechas\/wp-json\/wp\/v2\/types\/page"}],"author":[{"embeddable":true,"href":"https:\/\/etechoracio.com.br\/etechas\/wp-json\/wp\/v2\/users\/2"}],"replies":[{"embeddable":true,"href":"https:\/\/etechoracio.com.br\/etechas\/wp-json\/wp\/v2\/comments?post=959"}],"version-history":[{"count":13,"href":"https:\/\/etechoracio.com.br\/etechas\/wp-json\/wp\/v2\/pages\/959\/revisions"}],"predecessor-version":[{"id":1185,"href":"https:\/\/etechoracio.com.br\/etechas\/wp-json\/wp\/v2\/pages\/959\/revisions\/1185"}],"wp:attachment":[{"href":"https:\/\/etechoracio.com.br\/etechas\/wp-json\/wp\/v2\/media?parent=959"}],"curies":[{"name":"wp","href":"https:\/\/api.w.org\/{rel}","templated":true}]}}