{"id":961,"date":"2025-04-25T19:57:20","date_gmt":"2025-04-25T19:57:20","guid":{"rendered":"https:\/\/etechoracio.com.br\/etechas\/?page_id=961"},"modified":"2025-11-13T19:19:25","modified_gmt":"2025-11-13T19:19:25","slug":"corpo-docente","status":"publish","type":"page","link":"https:\/\/etechoracio.com.br\/etechas\/corpo-docente\/","title":{"rendered":"Corpo Docente"},"content":{"rendered":"\t\t<div data-elementor-type=\"wp-page\" data-elementor-id=\"961\" class=\"elementor elementor-961\">\n\t\t\t\t<div class=\"elementor-element elementor-element-eb39471 e-flex e-con-boxed e-con e-parent\" data-id=\"eb39471\" data-element_type=\"container\" data-e-type=\"container\">\n\t\t\t\t\t<div class=\"e-con-inner\">\n\t\t\t\t<div class=\"elementor-element elementor-element-01f699c elementor-widget elementor-widget-spacer\" data-id=\"01f699c\" data-element_type=\"widget\" data-e-type=\"widget\" data-widget_type=\"spacer.default\">\n\t\t\t\t\t\t\t<div class=\"elementor-spacer\">\n\t\t\t<div class=\"elementor-spacer-inner\"><\/div>\n\t\t<\/div>\n\t\t\t\t\t\t<\/div>\n\t\t\t\t<div class=\"elementor-element elementor-element-45bc8a4 elementor-widget elementor-widget-heading\" data-id=\"45bc8a4\" data-element_type=\"widget\" data-e-type=\"widget\" data-widget_type=\"heading.default\">\n\t\t\t\t\t<h2 class=\"elementor-heading-title elementor-size-default\">Nosso Corpo Docente<\/h2>\t\t\t\t<\/div>\n\t\t\t\t<div class=\"elementor-element elementor-element-cd32e22 elementor-widget elementor-widget-text-editor\" data-id=\"cd32e22\" data-element_type=\"widget\" data-e-type=\"widget\" data-widget_type=\"text-editor.default\">\n\t\t\t\t\t\t\t\t\t<p>Nossa escola conta com professores qualificados e experientes, comprometidos com uma forma\u00e7\u00e3o de excel\u00eancia.<\/p><p>Confira abaixo alguns de nossos profissionais:<\/p>\t\t\t\t\t\t\t\t<\/div>\n\t\t\t\t<div class=\"elementor-element elementor-element-94878e3 elementor-widget elementor-widget-heading\" data-id=\"94878e3\" data-element_type=\"widget\" data-e-type=\"widget\" data-widget_type=\"heading.default\">\n\t\t\t\t\t<h2 class=\"elementor-heading-title elementor-size-default\">Ensino m\u00e9dio - Base Comum:<\/h2>\t\t\t\t<\/div>\n\t\t\t\t<div class=\"elementor-element elementor-element-e7c27c3 elementor-widget elementor-widget-shortcode\" data-id=\"e7c27c3\" data-element_type=\"widget\" data-e-type=\"widget\" data-widget_type=\"shortcode.default\">\n\t\t\t\t\t\t\t<div class=\"elementor-shortcode\"><div class='rt-container-fluid rt-team-container rt-pos-r rt-team-container-2654' id='rt-team-container-1728531406'  data-layout='carousel1' data-desktop-col='4'  data-tab-col='2'  data-mobile-col='1' data-sc-id='2654' data-popup-bg=''><div data-title='Loading ...' class='rt-row rt-content-loader carousel1 ttp-even ttp-pre-loader'><div class=\"rt-carousel-holder swiper rttm-carousel-slider rt-pos-s top-nav has-dots has-nav\" data-options=\"{&quot;slidesPerView&quot;:4,&quot;slidesPerGroup&quot;:1,&quot;spaceBetween&quot;:0,&quot;speed&quot;:150,&quot;loop&quot;:false,&quot;autoHeight&quot;:false,&quot;rtl&quot;:false,&quot;preloadImages&quot;:true,&quot;lazy&quot;:false,&quot;breakpoints&quot;:{&quot;0&quot;:{&quot;slidesPerView&quot;:1,&quot;pagination&quot;:{&quot;dynamicBullets&quot;:true}},&quot;767&quot;:{&quot;slidesPerView&quot;:2,&quot;pagination&quot;:{&quot;dynamicBullets&quot;:false}},&quot;991&quot;:{&quot;slidesPerView&quot;:4}},&quot;autoplay&quot;:{&quot;delay&quot;:5000,&quot;pauseOnMouseEnter&quot;:false,&quot;disableOnInteraction&quot;:false}}\"  dir=\"ltr\"><div class=\"swiper-wrapper\"><div class=\"layout3 rt-col-md-12 rt-col-sm-12 rt-col-xs-12   rt-grid-item swiper-slide round-img\" data-id=\"2671\"><div class=\"single-team-area\"><figure><a class=\"\" data-id=\"2671\" target=\"_self\" href=\"https:\/\/etechoracio.com.br\/etechas\/team\/fulana-santana-2-2-2-2\/\"><img decoding=\"async\" width=\"160\" height=\"160\" class=\"default-img\" src=\"https:\/\/etechoracio.com.br\/etechas\/wp-content\/plugins\/tlp-team\/assets\/images\/demo.jpg\" alt=\"Default Image\" \/><\/a><\/figure><div class=\"tlp-overlay1\"><h3><span class=\"team-name\"><a class=\"\" data-id=\"2671\" target=\"_self\" title=\"Professor 6\" href=\"https:\/\/etechoracio.com.br\/etechas\/team\/fulana-santana-2-2-2-2\/\">Professor 6<\/a><\/span><\/h3><div class=\"tlp-position\"><a class=\"\" data-id=\"2671\" target=\"_self\" title=\"Professor 6\" href=\"https:\/\/etechoracio.com.br\/etechas\/team\/fulana-santana-2-2-2-2\/\">L\u00edngua Portuguesa<\/a><\/div><div class=\"readmore-btn\"><a class=\"\" data-id=\"2671\" target=\"_self\" title=\"Professor 6\" href=\"https:\/\/etechoracio.com.br\/etechas\/team\/fulana-santana-2-2-2-2\/\">Ver mais<\/a><\/div><\/div><\/div><\/div><div class=\"layout3 rt-col-md-12 rt-col-sm-12 rt-col-xs-12   rt-grid-item swiper-slide round-img\" data-id=\"2658\"><div class=\"single-team-area\"><figure><a class=\"\" data-id=\"2658\" target=\"_self\" href=\"https:\/\/etechoracio.com.br\/etechas\/team\/fulana-santana\/\"><img decoding=\"async\" width=\"160\" height=\"160\" class=\"default-img\" src=\"https:\/\/etechoracio.com.br\/etechas\/wp-content\/plugins\/tlp-team\/assets\/images\/demo.jpg\" alt=\"Default Image\" \/><\/a><\/figure><div class=\"tlp-overlay1\"><h3><span class=\"team-name\"><a class=\"\" data-id=\"2658\" target=\"_self\" title=\"Professora 2\" href=\"https:\/\/etechoracio.com.br\/etechas\/team\/fulana-santana\/\">Professora 2<\/a><\/span><\/h3><div class=\"tlp-position\"><a class=\"\" data-id=\"2658\" target=\"_self\" title=\"Professora 2\" href=\"https:\/\/etechoracio.com.br\/etechas\/team\/fulana-santana\/\">Biologia<\/a><\/div><div class=\"short-bio\"><p>Apaixonado(a) pela vida em todas as suas formas \ud83c\udf3f<br \/>\nEnsino Biologia para despertar curiosidade, <\/p>\n<\/div><div class=\"social-icons\"><a href=\"https:\/\/www.instagram.com\/\" title=\"instagram\" target=\"_blank\"><i class=\"fab fa-instagram\"><\/i><\/a><a href=\"https:\/\/github.com\/?locale=pt-BR\" title=\"github\" target=\"_blank\"><i class=\"fab fa-github\"><\/i><\/a><a href=\"http:\/\/google.com\" title=\"globe\" target=\"_blank\"><i class=\"fas fa-globe\"><\/i><\/a><\/div><div class=\"readmore-btn\"><a class=\"\" data-id=\"2658\" target=\"_self\" title=\"Professora 2\" href=\"https:\/\/etechoracio.com.br\/etechas\/team\/fulana-santana\/\">Ver mais<\/a><\/div><\/div><\/div><\/div><div class=\"layout3 rt-col-md-12 rt-col-sm-12 rt-col-xs-12   rt-grid-item swiper-slide round-img\" data-id=\"2667\"><div class=\"single-team-area\"><figure><a class=\"\" data-id=\"2667\" target=\"_self\" href=\"https:\/\/etechoracio.com.br\/etechas\/team\/fulana-santana-2\/\"><img decoding=\"async\" width=\"160\" height=\"160\" class=\"default-img\" src=\"https:\/\/etechoracio.com.br\/etechas\/wp-content\/plugins\/tlp-team\/assets\/images\/demo.jpg\" alt=\"Default Image\" \/><\/a><\/figure><div class=\"tlp-overlay1\"><h3><span class=\"team-name\"><a class=\"\" data-id=\"2667\" target=\"_self\" title=\"Professora 4\" href=\"https:\/\/etechoracio.com.br\/etechas\/team\/fulana-santana-2\/\">Professora 4<\/a><\/span><\/h3><div class=\"tlp-position\"><a class=\"\" data-id=\"2667\" target=\"_self\" title=\"Professora 4\" href=\"https:\/\/etechoracio.com.br\/etechas\/team\/fulana-santana-2\/\">L\u00edngua Inglesa<\/a><\/div><div class=\"readmore-btn\"><a class=\"\" data-id=\"2667\" target=\"_self\" title=\"Professora 4\" href=\"https:\/\/etechoracio.com.br\/etechas\/team\/fulana-santana-2\/\">Ver mais<\/a><\/div><\/div><\/div><\/div><div class=\"layout3 rt-col-md-12 rt-col-sm-12 rt-col-xs-12   rt-grid-item swiper-slide round-img\" data-id=\"2670\"><div class=\"single-team-area\"><figure><a class=\"\" data-id=\"2670\" target=\"_self\" href=\"https:\/\/etechoracio.com.br\/etechas\/team\/fulana-santana-2-2-2\/\"><img decoding=\"async\" width=\"150\" height=\"150\" src=\"https:\/\/etechoracio.com.br\/etechas\/wp-content\/uploads\/2025\/11\/e-150x150.jpeg\" class=\"img-responsive rt-team-img\" alt=\"Professora 5\" \/><\/a><\/figure><div class=\"tlp-overlay1\"><h3><span class=\"team-name\"><a class=\"\" data-id=\"2670\" target=\"_self\" title=\"Professora 5\" href=\"https:\/\/etechoracio.com.br\/etechas\/team\/fulana-santana-2-2-2\/\">Professora 5<\/a><\/span><\/h3><div class=\"tlp-position\"><a class=\"\" data-id=\"2670\" target=\"_self\" title=\"Professora 5\" href=\"https:\/\/etechoracio.com.br\/etechas\/team\/fulana-santana-2-2-2\/\">Biologia, Hist\u00f3ria<\/a><\/div><div class=\"short-bio\"><p>Eu sou professora h\u00e1 mais de ...<\/p>\n<\/div><div class=\"social-icons\"><a href=\"http:\/\/facebook.com\" title=\"facebook\" target=\"_blank\"><i class=\"fab fa-facebook-f\"><\/i><\/a><\/div><div class=\"readmore-btn\"><a class=\"\" data-id=\"2670\" target=\"_self\" title=\"Professora 5\" href=\"https:\/\/etechoracio.com.br\/etechas\/team\/fulana-santana-2-2-2\/\">Ver mais<\/a><\/div><\/div><\/div><\/div><div class=\"layout3 rt-col-md-12 rt-col-sm-12 rt-col-xs-12   rt-grid-item swiper-slide round-img\" data-id=\"2669\"><div class=\"single-team-area\"><figure><a class=\"\" data-id=\"2669\" target=\"_self\" href=\"https:\/\/etechoracio.com.br\/etechas\/team\/fulana-santana-2-2\/\"><img decoding=\"async\" width=\"160\" height=\"160\" class=\"default-img\" src=\"https:\/\/etechoracio.com.br\/etechas\/wp-content\/plugins\/tlp-team\/assets\/images\/demo.jpg\" alt=\"Default Image\" \/><\/a><\/figure><div class=\"tlp-overlay1\"><h3><span class=\"team-name\"><a class=\"\" data-id=\"2669\" target=\"_self\" title=\"Professora 7\" href=\"https:\/\/etechoracio.com.br\/etechas\/team\/fulana-santana-2-2\/\">Professora 7<\/a><\/span><\/h3><div class=\"readmore-btn\"><a class=\"\" data-id=\"2669\" target=\"_self\" title=\"Professora 7\" href=\"https:\/\/etechoracio.com.br\/etechas\/team\/fulana-santana-2-2\/\">Ver mais<\/a><\/div><\/div><\/div><\/div><\/div><div class=\"swiper-nav\"><div class=\"swiper-arrow swiper-button-next\"><i class=\"fa fa-chevron-right\"><\/i><\/div><div class=\"swiper-arrow swiper-button-prev\"><i class=\"fa fa-chevron-left\"><\/i><\/div><\/div><div class=\"swiper-pagination rt-pos-s\"><\/div><\/div><div class=\"rt-loading-overlay\"><\/div><div class=\"rt-loading rt-ball-clip-rotate\"><div><\/div><\/div><\/div><\/div><\/div>\n\t\t\t\t\t\t<\/div>\n\t\t\t\t<div class=\"elementor-element elementor-element-2e880ce elementor-widget elementor-widget-heading\" data-id=\"2e880ce\" data-element_type=\"widget\" data-e-type=\"widget\" data-widget_type=\"heading.default\">\n\t\t\t\t\t<h2 class=\"elementor-heading-title elementor-size-default\">Informa\u00e7\u00e3o e Comunica\u00e7\u00e3o<\/h2>\t\t\t\t<\/div>\n\t\t\t\t<div class=\"elementor-element elementor-element-8223b25 elementor-widget elementor-widget-shortcode\" data-id=\"8223b25\" data-element_type=\"widget\" data-e-type=\"widget\" data-widget_type=\"shortcode.default\">\n\t\t\t\t\t\t\t<div class=\"elementor-shortcode\"><div class='rt-container-fluid rt-team-container rt-pos-r rt-team-container-2673' id='rt-team-container-3454556452'  data-layout='carousel1' data-desktop-col='4'  data-tab-col='2'  data-mobile-col='1' data-sc-id='2673' data-popup-bg=''><div data-title='Loading ...' class='rt-row rt-content-loader carousel1 ttp-even ttp-pre-loader'><div class=\"rt-carousel-holder swiper rttm-carousel-slider rt-pos-s top-nav has-dots has-nav\" data-options=\"{&quot;slidesPerView&quot;:4,&quot;slidesPerGroup&quot;:1,&quot;spaceBetween&quot;:0,&quot;speed&quot;:150,&quot;loop&quot;:false,&quot;autoHeight&quot;:false,&quot;rtl&quot;:false,&quot;preloadImages&quot;:true,&quot;lazy&quot;:false,&quot;breakpoints&quot;:{&quot;0&quot;:{&quot;slidesPerView&quot;:1,&quot;pagination&quot;:{&quot;dynamicBullets&quot;:true}},&quot;767&quot;:{&quot;slidesPerView&quot;:2,&quot;pagination&quot;:{&quot;dynamicBullets&quot;:false}},&quot;991&quot;:{&quot;slidesPerView&quot;:4}},&quot;autoplay&quot;:{&quot;delay&quot;:5000,&quot;pauseOnMouseEnter&quot;:false,&quot;disableOnInteraction&quot;:false}}\"  dir=\"ltr\"><div class=\"swiper-wrapper\"><div class=\"layout3 rt-col-md-12 rt-col-sm-12 rt-col-xs-12   rt-grid-item swiper-slide round-img\" data-id=\"2668\"><div class=\"single-team-area\"><figure><a class=\"\" data-id=\"2668\" target=\"_self\" href=\"https:\/\/etechoracio.com.br\/etechas\/team\/fulano-2\/\"><img decoding=\"async\" width=\"160\" height=\"160\" class=\"default-img\" src=\"https:\/\/etechoracio.com.br\/etechas\/wp-content\/plugins\/tlp-team\/assets\/images\/demo.jpg\" alt=\"Default Image\" \/><\/a><\/figure><div class=\"tlp-overlay1\"><h3><span class=\"team-name\"><a class=\"\" data-id=\"2668\" target=\"_self\" title=\"Professor 3\" href=\"https:\/\/etechoracio.com.br\/etechas\/team\/fulano-2\/\">Professor 3<\/a><\/span><\/h3><div class=\"tlp-position\"><a class=\"\" data-id=\"2668\" target=\"_self\" title=\"Professor 3\" href=\"https:\/\/etechoracio.com.br\/etechas\/team\/fulano-2\/\">Desenvolvimento de Sistemas, Inform\u00e1tica<\/a><\/div><div class=\"social-icons\"><a href=\"mailto:meuemail@gmail.com\" title=\"envelope-o\" target=\"_blank\"><i class=\"far fa-envelope\"><\/i><\/a><\/div><div class=\"readmore-btn\"><a class=\"\" data-id=\"2668\" target=\"_self\" title=\"Professor 3\" href=\"https:\/\/etechoracio.com.br\/etechas\/team\/fulano-2\/\">Ver mais<\/a><\/div><\/div><\/div><\/div><div class=\"layout3 rt-col-md-12 rt-col-sm-12 rt-col-xs-12   rt-grid-item swiper-slide round-img\" data-id=\"2653\"><div class=\"single-team-area\"><figure><a class=\"\" data-id=\"2653\" target=\"_self\" href=\"https:\/\/etechoracio.com.br\/etechas\/team\/fulano\/\"><img decoding=\"async\" width=\"150\" height=\"150\" src=\"https:\/\/etechoracio.com.br\/etechas\/wp-content\/uploads\/2025\/11\/e-150x150.jpeg\" class=\"img-responsive rt-team-img\" alt=\"Professora 1\" \/><\/a><\/figure><div class=\"tlp-overlay1\"><h3><span class=\"team-name\"><a class=\"\" data-id=\"2653\" target=\"_self\" title=\"Professora 1\" href=\"https:\/\/etechoracio.com.br\/etechas\/team\/fulano\/\">Professora 1<\/a><\/span><\/h3><div class=\"tlp-position\"><a class=\"\" data-id=\"2653\" target=\"_self\" title=\"Professora 1\" href=\"https:\/\/etechoracio.com.br\/etechas\/team\/fulano\/\">Desenvolvimento de Sistemas, Redes de Computadores<\/a><\/div><div class=\"short-bio\"><p>Educador apaixonado por ensinar, transformar e preparar jovens para os desafios do futuro por meio do conhecimento t\u00e9cnico e pr\u00e1tico.<\/p>\n<\/div><div class=\"social-icons\"><a href=\"http:\/\/linkedin.com\" title=\"linkedin\" target=\"_blank\"><i class=\"fab fa-linkedin\"><\/i><\/a><\/div><div class=\"readmore-btn\"><a class=\"\" data-id=\"2653\" target=\"_self\" title=\"Professora 1\" href=\"https:\/\/etechoracio.com.br\/etechas\/team\/fulano\/\">Ver mais<\/a><\/div><\/div><\/div><\/div><\/div><div class=\"swiper-nav\"><div class=\"swiper-arrow swiper-button-next\"><i class=\"fa fa-chevron-right\"><\/i><\/div><div class=\"swiper-arrow swiper-button-prev\"><i class=\"fa fa-chevron-left\"><\/i><\/div><\/div><div class=\"swiper-pagination rt-pos-s\"><\/div><\/div><div class=\"rt-loading-overlay\"><\/div><div class=\"rt-loading rt-ball-clip-rotate\"><div><\/div><\/div><\/div><\/div><\/div>\n\t\t\t\t\t\t<\/div>\n\t\t\t\t\t<\/div>\n\t\t\t\t<\/div>\n\t\t\t\t<\/div>\n\t\t","protected":false},"excerpt":{"rendered":"<p>Nosso Corpo Docente Nossa escola conta com professores qualificados e experientes, comprometidos com uma forma\u00e7\u00e3o de excel\u00eancia. Confira abaixo alguns de nossos profissionais: Ensino m\u00e9dio &#8211; Base Comum: Informa\u00e7\u00e3o e Comunica\u00e7\u00e3o<\/p>\n","protected":false},"author":2,"featured_media":0,"parent":0,"menu_order":0,"comment_status":"closed","ping_status":"closed","template":"","meta":{"_coblocks_attr":"","_coblocks_dimensions":"","_coblocks_responsive_height":"","_coblocks_accordion_ie_support":"","footnotes":""},"class_list":["post-961","page","type-page","status-publish","hentry","entry","has-media"],"featured_image_src":null,"featured_image_src_square":null,"_links":{"self":[{"href":"https:\/\/etechoracio.com.br\/etechas\/wp-json\/wp\/v2\/pages\/961","targetHints":{"allow":["GET"]}}],"collection":[{"href":"https:\/\/etechoracio.com.br\/etechas\/wp-json\/wp\/v2\/pages"}],"about":[{"href":"https:\/\/etechoracio.com.br\/etechas\/wp-json\/wp\/v2\/types\/page"}],"author":[{"embeddable":true,"href":"https:\/\/etechoracio.com.br\/etechas\/wp-json\/wp\/v2\/users\/2"}],"replies":[{"embeddable":true,"href":"https:\/\/etechoracio.com.br\/etechas\/wp-json\/wp\/v2\/comments?post=961"}],"version-history":[{"count":19,"href":"https:\/\/etechoracio.com.br\/etechas\/wp-json\/wp\/v2\/pages\/961\/revisions"}],"predecessor-version":[{"id":2679,"href":"https:\/\/etechoracio.com.br\/etechas\/wp-json\/wp\/v2\/pages\/961\/revisions\/2679"}],"wp:attachment":[{"href":"https:\/\/etechoracio.com.br\/etechas\/wp-json\/wp\/v2\/media?parent=961"}],"curies":[{"name":"wp","href":"https:\/\/api.w.org\/{rel}","templated":true}]}}